{"id":3698,"date":"2021-03-30T19:18:36","date_gmt":"2021-03-30T17:18:36","guid":{"rendered":"https:\/\/www.bergendi.sk\/stellenangebot\/"},"modified":"2024-03-13T15:27:47","modified_gmt":"2024-03-13T14:27:47","slug":"stellenangebot","status":"publish","type":"page","link":"https:\/\/www.bergendi.sk\/de\/stellenangebot\/","title":{"rendered":"Stellenangebot"},"content":{"rendered":"\t\t<div data-elementor-type=\"wp-post\" data-elementor-id=\"3698\" class=\"elementor elementor-3698 elementor-1571\" data-elementor-post-type=\"page\">\n\t\t\t\t\t\t\t\t\t<section class=\"elementor-section elementor-top-section elementor-element elementor-element-6ccdc95 elementor-section-content-middle elementor-section-height-min-height elementor-section-boxed elementor-section-height-default elementor-section-items-middle\" data-id=\"6ccdc95\" data-element_type=\"section\" data-settings=\"{&quot;background_background&quot;:&quot;classic&quot;}\">\n\t\t\t\t\t\t\t<div class=\"elementor-background-overlay\"><\/div>\n\t\t\t\t\t\t\t<div class=\"elementor-container elementor-column-gap-no\">\n\t\t\t\t\t<div class=\"elementor-column elementor-col-100 elementor-top-column elementor-element elementor-element-4f6adc0\" data-id=\"4f6adc0\" data-element_type=\"column\">\n\t\t\t<div class=\"elementor-widget-wrap elementor-element-populated\">\n\t\t\t\t\t\t\t\t<div class=\"elementor-element elementor-element-179c706 elementor-widget elementor-widget-heading\" data-id=\"179c706\" data-element_type=\"widget\" data-widget_type=\"heading.default\">\n\t\t\t\t<div class=\"elementor-widget-container\">\n\t\t\t<h1 class=\"elementor-heading-title elementor-size-default\">Inserate und Angebote<\/h1>\t\t<\/div>\n\t\t\t\t<\/div>\n\t\t\t\t\t<\/div>\n\t\t<\/div>\n\t\t\t\t\t\t\t<\/div>\n\t\t<\/section>\n\t\t\t\t<section class=\"elementor-section elementor-top-section elementor-element elementor-element-a400379 elementor-section-content-middle elementor-section-boxed elementor-section-height-default elementor-section-height-default\" data-id=\"a400379\" data-element_type=\"section\" data-settings=\"{&quot;background_background&quot;:&quot;classic&quot;}\">\n\t\t\t\t\t\t<div class=\"elementor-container elementor-column-gap-no\">\n\t\t\t\t\t<div class=\"elementor-column elementor-col-100 elementor-top-column elementor-element elementor-element-e03ea8d\" data-id=\"e03ea8d\" data-element_type=\"column\">\n\t\t\t<div class=\"elementor-widget-wrap elementor-element-populated\">\n\t\t\t\t\t\t\t\t<div class=\"elementor-element elementor-element-edff6ee elementor-widget elementor-widget-text-editor\" data-id=\"edff6ee\" data-element_type=\"widget\" data-widget_type=\"text-editor.default\">\n\t\t\t\t<div class=\"elementor-widget-container\">\n\t\t\t\t\t\t\t<p>Wir bieten freie Stellen f\u00fcr Hilfskr\u00e4fte in einem Betrieb zur Herstellung von Kaminholz in Tvrdo\u0161ovce, Ag\u00e1tova Stra\u00dfe 2153. Einschichtiger Betrieb, Besch\u00e4ftigung auf Vertrag, Zeitarbeit und auch auf Arbeitsvertrag. Interessierte Personen k\u00f6nnen sich unter Tel. 0905 598 797 oder 0907 985 230 bewerben.<\/p>\n<p>&#8212;&#8212;&#8212;&#8212;&#8212;&#8212;&#8212;&#8212;&#8212;&#8212;&#8212;&#8212;&#8212;-<\/p>\n<p>Wir haben eine freie Stelle f\u00fcr einen VZV-Fahrer f\u00fcr die Holzproduktion. Grundgehalt 1000eur.<br \/>Einschichtiger Betrieb.<br \/>8 Stunden Arbeitszeit. Sie ist nur an Wochentagen ge\u00f6ffnet. Die Wochenenden sind frei. Wir suchen einen ernsthaften Arbeitssuchenden.<br \/>Bei Interesse senden Sie bitte Ihren Lebenslauf an: bergendi.fi@gmail.com<br \/>Kontakt: 0905 598 797 , 0907 985 230<\/p>\n<p>&#8212;&#8212;&#8212;&#8212;&#8212;&#8212;&#8212;&#8212;&#8212;&#8212;&#8212;&#8212;&#8212;<\/p>\n<p>Wir bieten Lagerfl\u00e4chen zur Miete an. Dabei handelt es sich sowohl um Au\u00dfen- als auch um Innenlagerfl\u00e4chen. Die internen R\u00e4umlichkeiten befinden sich in einer gro\u00dfen Produktionshalle, in der es auch m\u00f6glich ist, einen Teil der Fl\u00e4che zu mieten. Die Halle bietet 1000m2 f\u00fcr die Lagerung. Die Gr\u00f6\u00dfe und H\u00f6he der Halle erm\u00f6glicht den Umschlag &#8211; Entladen und Beladen von Lkw, im Inneren der Halle.<\/p>\n<p>  Die Lagerfl\u00e4chen im Freien verf\u00fcgen \u00fcber eine gepflasterte Fl\u00e4che, auf der verschiedene Waren gelagert werden k\u00f6nnen. In den R\u00e4umlichkeiten sind auch Mechanismen f\u00fcr die Handhabung von Waren, Teleskoplader, f\u00fcr das Entladen und Laden von Waren zur Verf\u00fcgung. Die Au\u00dfen- und Innenlager befinden sich in der Gemeinde Tvrdo\u0161ovce. Bei Interesse kontaktieren Sie uns bitte unter der Telefonnummer: 00421 905 598 797.<\/p><\/p>\n\t\t\t\t\t\t<\/div>\n\t\t\t\t<\/div>\n\t\t\t\t\t<\/div>\n\t\t<\/div>\n\t\t\t\t\t\t\t<\/div>\n\t\t<\/section>\n\t\t\t\t<section class=\"elementor-section elementor-top-section elementor-element elementor-element-e6fc366 elementor-section-content-middle elementor-section-boxed elementor-section-height-default elementor-section-height-default\" data-id=\"e6fc366\" data-element_type=\"section\" data-settings=\"{&quot;background_background&quot;:&quot;classic&quot;}\">\n\t\t\t\t\t\t<div class=\"elementor-container elementor-column-gap-no\">\n\t\t\t\t\t<div class=\"elementor-column elementor-col-50 elementor-top-column elementor-element elementor-element-3850c4f\" data-id=\"3850c4f\" data-element_type=\"column\">\n\t\t\t<div class=\"elementor-widget-wrap elementor-element-populated\">\n\t\t\t\t\t\t\t\t<div class=\"elementor-element elementor-element-fcf0b12 elementor-widget elementor-widget-text-editor\" data-id=\"fcf0b12\" data-element_type=\"widget\" data-widget_type=\"text-editor.default\">\n\t\t\t\t<div class=\"elementor-widget-container\">\n\t\t\t\t\t\t\t<p><iframe loading=\"lazy\" width=\"560\" height=\"315\" src=\"https:\/\/www.youtube.com\/embed\/J15z7QdsHVA?si=7D2YyMyy4r1dGinC\" title=\"YouTube-Video-Player\" frameborder=\"0\" allow=\"accelerometer; autoplay; clipboard-write; encrypted-media; gyroscope; picture-in-picture; web-share\" allowfullscreen=\"\"><\/iframe><\/p>\n\t\t\t\t\t\t<\/div>\n\t\t\t\t<\/div>\n\t\t\t\t\t<\/div>\n\t\t<\/div>\n\t\t\t\t<div class=\"elementor-column elementor-col-50 elementor-top-column elementor-element elementor-element-51fc294\" data-id=\"51fc294\" data-element_type=\"column\">\n\t\t\t<div class=\"elementor-widget-wrap elementor-element-populated\">\n\t\t\t\t\t\t\t\t<div class=\"elementor-element elementor-element-df9b8ea elementor-widget elementor-widget-text-editor\" data-id=\"df9b8ea\" data-element_type=\"widget\" data-widget_type=\"text-editor.default\">\n\t\t\t\t<div class=\"elementor-widget-container\">\n\t\t\t\t\t\t\t<p><iframe loading=\"lazy\" width=\"560\" height=\"315\" src=\"https:\/\/www.youtube.com\/embed\/ku7Jti4o_wM?si=Zh_m9J67-Lvl5s2z\" title=\"YouTube-Video-Player\" frameborder=\"0\" allow=\"accelerometer; autoplay; clipboard-write; encrypted-media; gyroscope; picture-in-picture; web-share\" allowfullscreen=\"\"><\/iframe><\/p>\n\t\t\t\t\t\t<\/div>\n\t\t\t\t<\/div>\n\t\t\t\t\t<\/div>\n\t\t<\/div>\n\t\t\t\t\t\t\t<\/div>\n\t\t<\/section>\n\t\t\t\t<section class=\"elementor-section elementor-top-section elementor-element elementor-element-e02e2a3 elementor-section-boxed elementor-section-height-default elementor-section-height-default\" data-id=\"e02e2a3\" data-element_type=\"section\">\n\t\t\t\t\t\t<div class=\"elementor-container elementor-column-gap-default\">\n\t\t\t\t\t<div class=\"elementor-column elementor-col-100 elementor-top-column elementor-element elementor-element-567b22f\" data-id=\"567b22f\" data-element_type=\"column\">\n\t\t\t<div class=\"elementor-widget-wrap elementor-element-populated\">\n\t\t\t\t\t\t\t\t<div class=\"elementor-element elementor-element-a9fe07b elementor-widget elementor-widget-image\" data-id=\"a9fe07b\" data-element_type=\"widget\" data-widget_type=\"image.default\">\n\t\t\t\t<div class=\"elementor-widget-container\">\n\t\t\t\t\t\t\t\t\t\t\t\t\t\t\t<img loading=\"lazy\" decoding=\"async\" width=\"1024\" height=\"768\" src=\"https:\/\/www.bergendi.sk\/wp-content\/uploads\/2024\/03\/IMG_1291-1024x768.jpeg\" class=\"attachment-large size-large wp-image-2350\" alt=\"\" srcset=\"https:\/\/www.bergendi.sk\/wp-content\/uploads\/2024\/03\/IMG_1291-1024x768.jpeg 1024w, https:\/\/www.bergendi.sk\/wp-content\/uploads\/2024\/03\/IMG_1291-300x225.jpeg 300w, https:\/\/www.bergendi.sk\/wp-content\/uploads\/2024\/03\/IMG_1291-768x576.jpeg 768w, https:\/\/www.bergendi.sk\/wp-content\/uploads\/2024\/03\/IMG_1291-1536x1152.jpeg 1536w, https:\/\/www.bergendi.sk\/wp-content\/uploads\/2024\/03\/IMG_1291-2048x1536.jpeg 2048w, https:\/\/www.bergendi.sk\/wp-content\/uploads\/2024\/03\/IMG_1291-600x450.jpeg 600w\" sizes=\"auto, (max-width: 1024px) 100vw, 1024px\" \/>\t\t\t\t\t\t\t\t\t\t\t\t\t\t\t<\/div>\n\t\t\t\t<\/div>\n\t\t\t\t\t<\/div>\n\t\t<\/div>\n\t\t\t\t\t\t\t<\/div>\n\t\t<\/section>\n\t\t\t\t<section class=\"elementor-section elementor-top-section elementor-element elementor-element-f914976 elementor-section-boxed elementor-section-height-default elementor-section-height-default\" data-id=\"f914976\" data-element_type=\"section\">\n\t\t\t\t\t\t<div class=\"elementor-container elementor-column-gap-default\">\n\t\t\t\t\t<div class=\"elementor-column elementor-col-100 elementor-top-column elementor-element elementor-element-4d8ea8e\" data-id=\"4d8ea8e\" data-element_type=\"column\">\n\t\t\t<div class=\"elementor-widget-wrap elementor-element-populated\">\n\t\t\t\t\t\t\t\t<div class=\"elementor-element elementor-element-9e8377d elementor-widget elementor-widget-image\" data-id=\"9e8377d\" data-element_type=\"widget\" data-widget_type=\"image.default\">\n\t\t\t\t<div class=\"elementor-widget-container\">\n\t\t\t\t\t\t\t\t\t\t\t\t\t\t\t<img loading=\"lazy\" decoding=\"async\" width=\"1024\" height=\"768\" src=\"https:\/\/www.bergendi.sk\/wp-content\/uploads\/2024\/03\/IMG_1290-1024x768.jpeg\" class=\"attachment-large size-large wp-image-2351\" alt=\"\" srcset=\"https:\/\/www.bergendi.sk\/wp-content\/uploads\/2024\/03\/IMG_1290-1024x768.jpeg 1024w, https:\/\/www.bergendi.sk\/wp-content\/uploads\/2024\/03\/IMG_1290-300x225.jpeg 300w, https:\/\/www.bergendi.sk\/wp-content\/uploads\/2024\/03\/IMG_1290-768x576.jpeg 768w, https:\/\/www.bergendi.sk\/wp-content\/uploads\/2024\/03\/IMG_1290-1536x1152.jpeg 1536w, https:\/\/www.bergendi.sk\/wp-content\/uploads\/2024\/03\/IMG_1290-2048x1536.jpeg 2048w, https:\/\/www.bergendi.sk\/wp-content\/uploads\/2024\/03\/IMG_1290-600x450.jpeg 600w\" sizes=\"auto, (max-width: 1024px) 100vw, 1024px\" \/>\t\t\t\t\t\t\t\t\t\t\t\t\t\t\t<\/div>\n\t\t\t\t<\/div>\n\t\t\t\t\t<\/div>\n\t\t<\/div>\n\t\t\t\t\t\t\t<\/div>\n\t\t<\/section>\n\t\t\t\t<section class=\"elementor-section elementor-top-section elementor-element elementor-element-827aab2 elementor-section-boxed elementor-section-height-default elementor-section-height-default\" data-id=\"827aab2\" data-element_type=\"section\">\n\t\t\t\t\t\t<div class=\"elementor-container elementor-column-gap-default\">\n\t\t\t\t\t<div class=\"elementor-column elementor-col-100 elementor-top-column elementor-element elementor-element-a401c45\" data-id=\"a401c45\" data-element_type=\"column\">\n\t\t\t<div class=\"elementor-widget-wrap elementor-element-populated\">\n\t\t\t\t\t\t\t\t<div class=\"elementor-element elementor-element-f424fa1 elementor-widget elementor-widget-image\" data-id=\"f424fa1\" data-element_type=\"widget\" data-widget_type=\"image.default\">\n\t\t\t\t<div class=\"elementor-widget-container\">\n\t\t\t\t\t\t\t\t\t\t\t\t\t\t\t<img loading=\"lazy\" decoding=\"async\" width=\"1024\" height=\"768\" src=\"https:\/\/www.bergendi.sk\/wp-content\/uploads\/2024\/03\/IMG_1289-1024x768.jpeg\" class=\"attachment-large size-large wp-image-2352\" alt=\"\" srcset=\"https:\/\/www.bergendi.sk\/wp-content\/uploads\/2024\/03\/IMG_1289-1024x768.jpeg 1024w, https:\/\/www.bergendi.sk\/wp-content\/uploads\/2024\/03\/IMG_1289-300x225.jpeg 300w, https:\/\/www.bergendi.sk\/wp-content\/uploads\/2024\/03\/IMG_1289-768x576.jpeg 768w, https:\/\/www.bergendi.sk\/wp-content\/uploads\/2024\/03\/IMG_1289-1536x1152.jpeg 1536w, https:\/\/www.bergendi.sk\/wp-content\/uploads\/2024\/03\/IMG_1289-2048x1536.jpeg 2048w, https:\/\/www.bergendi.sk\/wp-content\/uploads\/2024\/03\/IMG_1289-600x450.jpeg 600w\" sizes=\"auto, (max-width: 1024px) 100vw, 1024px\" \/>\t\t\t\t\t\t\t\t\t\t\t\t\t\t\t<\/div>\n\t\t\t\t<\/div>\n\t\t\t\t\t<\/div>\n\t\t<\/div>\n\t\t\t\t\t\t\t<\/div>\n\t\t<\/section>\n\t\t\t\t\t\t\t<\/div>\n\t\t","protected":false},"excerpt":{"rendered":"<p>Inserate und Angebote Wir bieten freie Stellen f\u00fcr Hilfskr\u00e4fte in einem Betrieb zur Herstellung von Kaminholz in Tvrdo\u0161ovce, Ag\u00e1tova Stra\u00dfe 2153. Einschichtiger Betrieb, Besch\u00e4ftigung auf Vertrag, Zeitarbeit und auch auf Arbeitsvertrag. Interessierte Personen k\u00f6nnen sich unter Tel. 0905 598 797 oder 0907 985 230 bewerben. &#8212;&#8212;&#8212;&#8212;&#8212;&#8212;&#8212;&#8212;&#8212;&#8212;&#8212;&#8212;&#8212;- Wir haben eine freie Stelle f\u00fcr einen VZV-Fahrer f\u00fcr &hellip;<\/p>\n<p class=\"read-more\"> <a class=\"\" href=\"https:\/\/www.bergendi.sk\/de\/stellenangebot\/\"> <span class=\"screen-reader-text\">Stellenangebot<\/span> Weiterlesen &raquo;<\/a><\/p>\n","protected":false},"author":1,"featured_media":0,"parent":0,"menu_order":0,"comment_status":"closed","ping_status":"closed","template":"","meta":{"footnotes":""},"class_list":["post-3698","page","type-page","status-publish","hentry"],"acf":[],"yoast_head":"<!-- This site is optimized with the Yoast SEO plugin v21.9.1 - https:\/\/yoast.com\/wordpress\/plugins\/seo\/ -->\n<title>Stellenangebot - BERGENDI<\/title>\n<meta name=\"robots\" content=\"index, follow, max-snippet:-1, max-image-preview:large, max-video-preview:-1\" \/>\n<link rel=\"canonical\" href=\"https:\/\/www.bergendi.sk\/de\/stellenangebot\/\" \/>\n<meta property=\"og:locale\" content=\"de_DE\" \/>\n<meta property=\"og:type\" content=\"article\" \/>\n<meta property=\"og:title\" content=\"Stellenangebot - BERGENDI\" \/>\n<meta property=\"og:description\" content=\"Inserate und Angebote Wir bieten freie Stellen f\u00fcr Hilfskr\u00e4fte in einem Betrieb zur Herstellung von Kaminholz in Tvrdo\u0161ovce, Ag\u00e1tova Stra\u00dfe 2153. Einschichtiger Betrieb, Besch\u00e4ftigung auf Vertrag, Zeitarbeit und auch auf Arbeitsvertrag. Interessierte Personen k\u00f6nnen sich unter Tel. 0905 598 797 oder 0907 985 230 bewerben. &#8212;&#8212;&#8212;&#8212;&#8212;&#8212;&#8212;&#8212;&#8212;&#8212;&#8212;&#8212;&#8212;- Wir haben eine freie Stelle f\u00fcr einen VZV-Fahrer f\u00fcr &hellip; Stellenangebot Weiterlesen &raquo;\" \/>\n<meta property=\"og:url\" content=\"https:\/\/www.bergendi.sk\/de\/stellenangebot\/\" \/>\n<meta property=\"og:site_name\" content=\"BERGENDI\" \/>\n<meta property=\"article:modified_time\" content=\"2024-03-13T14:27:47+00:00\" \/>\n<meta property=\"og:image\" content=\"https:\/\/www.bergendi.sk\/wp-content\/uploads\/2024\/03\/IMG_1291-1024x768.jpeg\" \/>\n<meta name=\"twitter:card\" content=\"summary_large_image\" \/>\n<meta name=\"twitter:label1\" content=\"Gesch\u00e4tzte Lesezeit\" \/>\n\t<meta name=\"twitter:data1\" content=\"1\u00a0Minute\" \/>\n<script type=\"application\/ld+json\" class=\"yoast-schema-graph\">{\"@context\":\"https:\/\/schema.org\",\"@graph\":[{\"@type\":\"WebPage\",\"@id\":\"https:\/\/www.bergendi.sk\/de\/stellenangebot\/\",\"url\":\"https:\/\/www.bergendi.sk\/de\/stellenangebot\/\",\"name\":\"Stellenangebot - BERGENDI\",\"isPartOf\":{\"@id\":\"https:\/\/www.bergendi.sk\/#website\"},\"datePublished\":\"2021-03-30T17:18:36+00:00\",\"dateModified\":\"2024-03-13T14:27:47+00:00\",\"breadcrumb\":{\"@id\":\"https:\/\/www.bergendi.sk\/de\/stellenangebot\/#breadcrumb\"},\"inLanguage\":\"de\",\"potentialAction\":[{\"@type\":\"ReadAction\",\"target\":[\"https:\/\/www.bergendi.sk\/de\/stellenangebot\/\"]}]},{\"@type\":\"BreadcrumbList\",\"@id\":\"https:\/\/www.bergendi.sk\/de\/stellenangebot\/#breadcrumb\",\"itemListElement\":[{\"@type\":\"ListItem\",\"position\":1,\"name\":\"Home\",\"item\":\"https:\/\/www.bergendi.sk\/de\/herstellung-und-verkauf-von-brennholz\/\"},{\"@type\":\"ListItem\",\"position\":2,\"name\":\"Stellenangebot\"}]},{\"@type\":\"WebSite\",\"@id\":\"https:\/\/www.bergendi.sk\/#website\",\"url\":\"https:\/\/www.bergendi.sk\/\",\"name\":\"BERGENDI\",\"description\":\"V\u00ddROBA A PREDAJ KRBOV\u00c9HO DREVA\",\"publisher\":{\"@id\":\"https:\/\/www.bergendi.sk\/#organization\"},\"potentialAction\":[{\"@type\":\"SearchAction\",\"target\":{\"@type\":\"EntryPoint\",\"urlTemplate\":\"https:\/\/www.bergendi.sk\/?s={search_term_string}\"},\"query-input\":\"required name=search_term_string\"}],\"inLanguage\":\"de\"},{\"@type\":\"Organization\",\"@id\":\"https:\/\/www.bergendi.sk\/#organization\",\"name\":\"BERGENDI\",\"url\":\"https:\/\/www.bergendi.sk\/\",\"logo\":{\"@type\":\"ImageObject\",\"inLanguage\":\"de\",\"@id\":\"https:\/\/www.bergendi.sk\/#\/schema\/logo\/image\/\",\"url\":\"https:\/\/www.bergendi.sk\/wp-content\/uploads\/2021\/03\/bergendi_logo.png\",\"contentUrl\":\"https:\/\/www.bergendi.sk\/wp-content\/uploads\/2021\/03\/bergendi_logo.png\",\"width\":250,\"height\":50,\"caption\":\"BERGENDI\"},\"image\":{\"@id\":\"https:\/\/www.bergendi.sk\/#\/schema\/logo\/image\/\"}}]}<\/script>\n<!-- \/ Yoast SEO plugin. -->","yoast_head_json":{"title":"Stellenangebot - BERGENDI","robots":{"index":"index","follow":"follow","max-snippet":"max-snippet:-1","max-image-preview":"max-image-preview:large","max-video-preview":"max-video-preview:-1"},"canonical":"https:\/\/www.bergendi.sk\/de\/stellenangebot\/","og_locale":"de_DE","og_type":"article","og_title":"Stellenangebot - BERGENDI","og_description":"Inserate und Angebote Wir bieten freie Stellen f\u00fcr Hilfskr\u00e4fte in einem Betrieb zur Herstellung von Kaminholz in Tvrdo\u0161ovce, Ag\u00e1tova Stra\u00dfe 2153. Einschichtiger Betrieb, Besch\u00e4ftigung auf Vertrag, Zeitarbeit und auch auf Arbeitsvertrag. Interessierte Personen k\u00f6nnen sich unter Tel. 0905 598 797 oder 0907 985 230 bewerben. &#8212;&#8212;&#8212;&#8212;&#8212;&#8212;&#8212;&#8212;&#8212;&#8212;&#8212;&#8212;&#8212;- Wir haben eine freie Stelle f\u00fcr einen VZV-Fahrer f\u00fcr &hellip; Stellenangebot Weiterlesen &raquo;","og_url":"https:\/\/www.bergendi.sk\/de\/stellenangebot\/","og_site_name":"BERGENDI","article_modified_time":"2024-03-13T14:27:47+00:00","og_image":[{"url":"https:\/\/www.bergendi.sk\/wp-content\/uploads\/2024\/03\/IMG_1291-1024x768.jpeg"}],"twitter_card":"summary_large_image","twitter_misc":{"Gesch\u00e4tzte Lesezeit":"1\u00a0Minute"},"schema":{"@context":"https:\/\/schema.org","@graph":[{"@type":"WebPage","@id":"https:\/\/www.bergendi.sk\/de\/stellenangebot\/","url":"https:\/\/www.bergendi.sk\/de\/stellenangebot\/","name":"Stellenangebot - BERGENDI","isPartOf":{"@id":"https:\/\/www.bergendi.sk\/#website"},"datePublished":"2021-03-30T17:18:36+00:00","dateModified":"2024-03-13T14:27:47+00:00","breadcrumb":{"@id":"https:\/\/www.bergendi.sk\/de\/stellenangebot\/#breadcrumb"},"inLanguage":"de","potentialAction":[{"@type":"ReadAction","target":["https:\/\/www.bergendi.sk\/de\/stellenangebot\/"]}]},{"@type":"BreadcrumbList","@id":"https:\/\/www.bergendi.sk\/de\/stellenangebot\/#breadcrumb","itemListElement":[{"@type":"ListItem","position":1,"name":"Home","item":"https:\/\/www.bergendi.sk\/de\/herstellung-und-verkauf-von-brennholz\/"},{"@type":"ListItem","position":2,"name":"Stellenangebot"}]},{"@type":"WebSite","@id":"https:\/\/www.bergendi.sk\/#website","url":"https:\/\/www.bergendi.sk\/","name":"BERGENDI","description":"V\u00ddROBA A PREDAJ KRBOV\u00c9HO DREVA","publisher":{"@id":"https:\/\/www.bergendi.sk\/#organization"},"potentialAction":[{"@type":"SearchAction","target":{"@type":"EntryPoint","urlTemplate":"https:\/\/www.bergendi.sk\/?s={search_term_string}"},"query-input":"required name=search_term_string"}],"inLanguage":"de"},{"@type":"Organization","@id":"https:\/\/www.bergendi.sk\/#organization","name":"BERGENDI","url":"https:\/\/www.bergendi.sk\/","logo":{"@type":"ImageObject","inLanguage":"de","@id":"https:\/\/www.bergendi.sk\/#\/schema\/logo\/image\/","url":"https:\/\/www.bergendi.sk\/wp-content\/uploads\/2021\/03\/bergendi_logo.png","contentUrl":"https:\/\/www.bergendi.sk\/wp-content\/uploads\/2021\/03\/bergendi_logo.png","width":250,"height":50,"caption":"BERGENDI"},"image":{"@id":"https:\/\/www.bergendi.sk\/#\/schema\/logo\/image\/"}}]}},"_links":{"self":[{"href":"https:\/\/www.bergendi.sk\/de\/wp-json\/wp\/v2\/pages\/3698","targetHints":{"allow":["GET"]}}],"collection":[{"href":"https:\/\/www.bergendi.sk\/de\/wp-json\/wp\/v2\/pages"}],"about":[{"href":"https:\/\/www.bergendi.sk\/de\/wp-json\/wp\/v2\/types\/page"}],"author":[{"embeddable":true,"href":"https:\/\/www.bergendi.sk\/de\/wp-json\/wp\/v2\/users\/1"}],"replies":[{"embeddable":true,"href":"https:\/\/www.bergendi.sk\/de\/wp-json\/wp\/v2\/comments?post=3698"}],"version-history":[{"count":1,"href":"https:\/\/www.bergendi.sk\/de\/wp-json\/wp\/v2\/pages\/3698\/revisions"}],"predecessor-version":[{"id":3700,"href":"https:\/\/www.bergendi.sk\/de\/wp-json\/wp\/v2\/pages\/3698\/revisions\/3700"}],"wp:attachment":[{"href":"https:\/\/www.bergendi.sk\/de\/wp-json\/wp\/v2\/media?parent=3698"}],"curies":[{"name":"wp","href":"https:\/\/api.w.org\/{rel}","templated":true}]}}