{"id":3721,"date":"2019-01-23T06:31:31","date_gmt":"2019-01-23T05:31:31","guid":{"rendered":"https:\/\/www.bergendi.sk\/ueber-uns\/"},"modified":"2024-03-13T15:27:56","modified_gmt":"2024-03-13T14:27:56","slug":"ueber-uns","status":"publish","type":"page","link":"https:\/\/www.bergendi.sk\/de\/ueber-uns\/","title":{"rendered":"\u00dcber uns"},"content":{"rendered":"\t\t<div data-elementor-type=\"wp-post\" data-elementor-id=\"3721\" class=\"elementor elementor-3721 elementor-1306\" data-elementor-post-type=\"page\">\n\t\t\t\t\t\t\t\t\t<section class=\"elementor-section elementor-top-section elementor-element elementor-element-6ccdc95 elementor-section-content-middle elementor-section-height-min-height elementor-section-boxed elementor-section-height-default elementor-section-items-middle\" data-id=\"6ccdc95\" data-element_type=\"section\" data-settings=\"{&quot;background_background&quot;:&quot;classic&quot;}\">\n\t\t\t\t\t\t\t<div class=\"elementor-background-overlay\"><\/div>\n\t\t\t\t\t\t\t<div class=\"elementor-container elementor-column-gap-no\">\n\t\t\t\t\t<div class=\"elementor-column elementor-col-100 elementor-top-column elementor-element elementor-element-4f6adc0\" data-id=\"4f6adc0\" data-element_type=\"column\">\n\t\t\t<div class=\"elementor-widget-wrap elementor-element-populated\">\n\t\t\t\t\t\t\t\t<div class=\"elementor-element elementor-element-179c706 elementor-widget elementor-widget-heading\" data-id=\"179c706\" data-element_type=\"widget\" data-widget_type=\"heading.default\">\n\t\t\t\t<div class=\"elementor-widget-container\">\n\t\t\t<h1 class=\"elementor-heading-title elementor-size-default\">\u00dcber uns<\/h1>\t\t<\/div>\n\t\t\t\t<\/div>\n\t\t\t\t\t<\/div>\n\t\t<\/div>\n\t\t\t\t\t\t\t<\/div>\n\t\t<\/section>\n\t\t\t\t<section class=\"elementor-section elementor-top-section elementor-element elementor-element-4a5d220 elementor-section-boxed elementor-section-height-default elementor-section-height-default\" data-id=\"4a5d220\" data-element_type=\"section\">\n\t\t\t\t\t\t<div class=\"elementor-container elementor-column-gap-no\">\n\t\t\t\t\t<div class=\"elementor-column elementor-col-33 elementor-top-column elementor-element elementor-element-737ec4c\" data-id=\"737ec4c\" data-element_type=\"column\">\n\t\t\t<div class=\"elementor-widget-wrap elementor-element-populated\">\n\t\t\t\t\t\t\t\t<div class=\"elementor-element elementor-element-efb0e9a elementor-widget elementor-widget-heading\" data-id=\"efb0e9a\" data-element_type=\"widget\" data-widget_type=\"heading.default\">\n\t\t\t\t<div class=\"elementor-widget-container\">\n\t\t\t<h3 class=\"elementor-heading-title elementor-size-default\">BERGENDI<\/h3>\t\t<\/div>\n\t\t\t\t<\/div>\n\t\t\t\t<div class=\"elementor-element elementor-element-a037d01 elementor-widget elementor-widget-text-editor\" data-id=\"a037d01\" data-element_type=\"widget\" data-widget_type=\"text-editor.default\">\n\t\t\t\t<div class=\"elementor-widget-container\">\n\t\t\t\t\t\t\t<strong>Aktivit\u00e4ten des Unternehmens:<\/strong><br><br>\n<h6>Herstellung und Verkauf von Kaminholz<\/h6>\n<h6>Herstellung und Verkauf von Anz\u00fcndholzsp\u00e4nen<\/h6>\n<h6>Verkauf von Briketts, Pellets<\/h6>\n<h6>Verkauf von gebrauchten Teleskopladern.<\/h6>\t\t\t\t\t\t<\/div>\n\t\t\t\t<\/div>\n\t\t\t\t\t<\/div>\n\t\t<\/div>\n\t\t\t\t<div class=\"elementor-column elementor-col-66 elementor-top-column elementor-element elementor-element-e6bc9af\" data-id=\"e6bc9af\" data-element_type=\"column\">\n\t\t\t<div class=\"elementor-widget-wrap elementor-element-populated\">\n\t\t\t\t\t\t\t\t<div class=\"elementor-element elementor-element-8bf9f70 elementor-widget elementor-widget-text-editor\" data-id=\"8bf9f70\" data-element_type=\"widget\" data-widget_type=\"text-editor.default\">\n\t\t\t\t<div class=\"elementor-widget-container\">\n\t\t\t\t\t\t\t<p>Die Hauptt\u00e4tigkeit des Unternehmens ist die Herstellung und der Verkauf von Kaminholz. Unser Werk befindet sich an einem ausgezeichneten Standort, etwa 80 km von Bratislava entfernt, was die Transportkosten f\u00fcr die Exporteure unserer Waren in die EU-L\u00e4nder erheblich reduziert.  <br \/>Hauptsitz : Tvrdo\u0161ovce 941 10<\/p>\n<p>Eine weitere Aktivit\u00e4t unseres Unternehmens ist der Verkauf von gebrauchten Teleskopladern (Lader), BOBCAT, JCB, Manitou, Merlo. Wenn Sie Interesse haben, z\u00f6gern Sie nicht, uns zu kontaktieren und unser aktuelles Angebot anzufordern. Der Vorteil von Teleskopladern liegt in ihrem breiten Einsatzspektrum: in der Holzverarbeitung, im Baugewerbe, in der Landwirtschaft&#8230; Industrie. Dank des Teleskoparms k\u00f6nnen die Stapler einseitig beladen werden, was den Warenumschlag erheblich erleichtert, verbessert und vor allem beschleunigt.<\/p>\n\t\t\t\t\t\t<\/div>\n\t\t\t\t<\/div>\n\t\t\t\t\t<\/div>\n\t\t<\/div>\n\t\t\t\t\t\t\t<\/div>\n\t\t<\/section>\n\t\t\t\t<section class=\"elementor-section elementor-top-section elementor-element elementor-element-a400379 elementor-section-content-middle elementor-section-boxed elementor-section-height-default elementor-section-height-default\" data-id=\"a400379\" data-element_type=\"section\" data-settings=\"{&quot;background_background&quot;:&quot;classic&quot;}\">\n\t\t\t\t\t\t<div class=\"elementor-container elementor-column-gap-no\">\n\t\t\t\t\t<div class=\"elementor-column elementor-col-100 elementor-top-column elementor-element elementor-element-c9222c3\" data-id=\"c9222c3\" data-element_type=\"column\">\n\t\t\t<div class=\"elementor-widget-wrap elementor-element-populated\">\n\t\t\t\t\t\t\t\t<div class=\"elementor-element elementor-element-7e489a2 elementor-widget elementor-widget-heading\" data-id=\"7e489a2\" data-element_type=\"widget\" data-widget_type=\"heading.default\">\n\t\t\t\t<div class=\"elementor-widget-container\">\n\t\t\t<h2 class=\"elementor-heading-title elementor-size-default\">Operation Tvrdo\u0161ovce<\/h2>\t\t<\/div>\n\t\t\t\t<\/div>\n\t\t\t\t<div class=\"elementor-element elementor-element-b2657e0 elementor-widget elementor-widget-text-editor\" data-id=\"b2657e0\" data-element_type=\"widget\" data-widget_type=\"text-editor.default\">\n\t\t\t\t<div class=\"elementor-widget-container\">\n\t\t\t\t\t\t\t<p>Besuchen Sie uns in unserem Werk in Ag\u00e1tov\u00e1 2153, 941 10 Tvrdo\u0161ovce.<\/p>\n\t\t\t\t\t\t<\/div>\n\t\t\t\t<\/div>\n\t\t\t\t<div class=\"elementor-element elementor-element-beeacce elementor-widget elementor-widget-image\" data-id=\"beeacce\" data-element_type=\"widget\" data-widget_type=\"image.default\">\n\t\t\t\t<div class=\"elementor-widget-container\">\n\t\t\t\t\t\t\t\t\t\t\t\t\t\t\t<img loading=\"lazy\" decoding=\"async\" width=\"1280\" height=\"960\" src=\"https:\/\/www.bergendi.sk\/wp-content\/uploads\/2021\/03\/firma-z-hora.jpeg\" class=\"attachment-full size-full wp-image-1424\" alt=\"\" srcset=\"https:\/\/www.bergendi.sk\/wp-content\/uploads\/2021\/03\/firma-z-hora.jpeg 1280w, https:\/\/www.bergendi.sk\/wp-content\/uploads\/2021\/03\/firma-z-hora-300x225.jpeg 300w, https:\/\/www.bergendi.sk\/wp-content\/uploads\/2021\/03\/firma-z-hora-1024x768.jpeg 1024w, https:\/\/www.bergendi.sk\/wp-content\/uploads\/2021\/03\/firma-z-hora-768x576.jpeg 768w, https:\/\/www.bergendi.sk\/wp-content\/uploads\/2021\/03\/firma-z-hora-600x450.jpeg 600w\" sizes=\"auto, (max-width: 1280px) 100vw, 1280px\" \/>\t\t\t\t\t\t\t\t\t\t\t\t\t\t\t<\/div>\n\t\t\t\t<\/div>\n\t\t\t\t<div class=\"elementor-element elementor-element-5de78ea elementor-align-center elementor-widget elementor-widget-button\" data-id=\"5de78ea\" data-element_type=\"widget\" data-widget_type=\"button.default\">\n\t\t\t\t<div class=\"elementor-widget-container\">\n\t\t\t\t\t<div class=\"elementor-button-wrapper\">\n\t\t\t<a class=\"elementor-button elementor-button-link elementor-size-md\" href=\"https:\/\/www.bergendi.sk\/galeria\/\">\n\t\t\t\t\t\t<span class=\"elementor-button-content-wrapper\">\n\t\t\t\t\t\t<span class=\"elementor-button-text\">FOTOGALERIE<\/span>\n\t\t<\/span>\n\t\t\t\t\t<\/a>\n\t\t<\/div>\n\t\t\t\t<\/div>\n\t\t\t\t<\/div>\n\t\t\t\t\t<\/div>\n\t\t<\/div>\n\t\t\t\t\t\t\t<\/div>\n\t\t<\/section>\n\t\t\t\t\t\t\t<\/div>\n\t\t","protected":false},"excerpt":{"rendered":"<p>\u00dcber uns BERGENDI Aktivit\u00e4ten des Unternehmens: Herstellung und Verkauf von Kaminholz Herstellung und Verkauf von Anz\u00fcndholzsp\u00e4nen Verkauf von Briketts, Pellets Verkauf von gebrauchten Teleskopladern. Die Hauptt\u00e4tigkeit des Unternehmens ist die Herstellung und der Verkauf von Kaminholz. Unser Werk befindet sich an einem ausgezeichneten Standort, etwa 80 km von Bratislava entfernt, was die Transportkosten f\u00fcr die &hellip;<\/p>\n<p class=\"read-more\"> <a class=\"\" href=\"https:\/\/www.bergendi.sk\/de\/ueber-uns\/\"> <span class=\"screen-reader-text\">\u00dcber uns<\/span> Weiterlesen &raquo;<\/a><\/p>\n","protected":false},"author":1,"featured_media":0,"parent":0,"menu_order":0,"comment_status":"closed","ping_status":"closed","template":"","meta":{"footnotes":""},"class_list":["post-3721","page","type-page","status-publish","hentry"],"acf":[],"yoast_head":"<!-- This site is optimized with the Yoast SEO plugin v21.9.1 - https:\/\/yoast.com\/wordpress\/plugins\/seo\/ -->\n<title>\u00dcber uns - BERGENDI<\/title>\n<meta name=\"robots\" content=\"index, follow, max-snippet:-1, max-image-preview:large, max-video-preview:-1\" \/>\n<link rel=\"canonical\" href=\"https:\/\/www.bergendi.sk\/de\/ueber-uns\/\" \/>\n<meta property=\"og:locale\" content=\"de_DE\" \/>\n<meta property=\"og:type\" content=\"article\" \/>\n<meta property=\"og:title\" content=\"\u00dcber uns - BERGENDI\" \/>\n<meta property=\"og:description\" content=\"\u00dcber uns BERGENDI Aktivit\u00e4ten des Unternehmens: Herstellung und Verkauf von Kaminholz Herstellung und Verkauf von Anz\u00fcndholzsp\u00e4nen Verkauf von Briketts, Pellets Verkauf von gebrauchten Teleskopladern. Die Hauptt\u00e4tigkeit des Unternehmens ist die Herstellung und der Verkauf von Kaminholz. Unser Werk befindet sich an einem ausgezeichneten Standort, etwa 80 km von Bratislava entfernt, was die Transportkosten f\u00fcr die &hellip; \u00dcber uns Weiterlesen &raquo;\" \/>\n<meta property=\"og:url\" content=\"https:\/\/www.bergendi.sk\/de\/ueber-uns\/\" \/>\n<meta property=\"og:site_name\" content=\"BERGENDI\" \/>\n<meta property=\"article:modified_time\" content=\"2024-03-13T14:27:56+00:00\" \/>\n<meta property=\"og:image\" content=\"https:\/\/www.bergendi.sk\/wp-content\/uploads\/2021\/03\/firma-z-hora.jpeg\" \/>\n<meta name=\"twitter:card\" content=\"summary_large_image\" \/>\n<meta name=\"twitter:label1\" content=\"Gesch\u00e4tzte Lesezeit\" \/>\n\t<meta name=\"twitter:data1\" content=\"1\u00a0Minute\" \/>\n<script type=\"application\/ld+json\" class=\"yoast-schema-graph\">{\"@context\":\"https:\/\/schema.org\",\"@graph\":[{\"@type\":\"WebPage\",\"@id\":\"https:\/\/www.bergendi.sk\/de\/ueber-uns\/\",\"url\":\"https:\/\/www.bergendi.sk\/de\/ueber-uns\/\",\"name\":\"\u00dcber uns - BERGENDI\",\"isPartOf\":{\"@id\":\"https:\/\/www.bergendi.sk\/#website\"},\"datePublished\":\"2019-01-23T05:31:31+00:00\",\"dateModified\":\"2024-03-13T14:27:56+00:00\",\"breadcrumb\":{\"@id\":\"https:\/\/www.bergendi.sk\/de\/ueber-uns\/#breadcrumb\"},\"inLanguage\":\"de\",\"potentialAction\":[{\"@type\":\"ReadAction\",\"target\":[\"https:\/\/www.bergendi.sk\/de\/ueber-uns\/\"]}]},{\"@type\":\"BreadcrumbList\",\"@id\":\"https:\/\/www.bergendi.sk\/de\/ueber-uns\/#breadcrumb\",\"itemListElement\":[{\"@type\":\"ListItem\",\"position\":1,\"name\":\"Home\",\"item\":\"https:\/\/www.bergendi.sk\/de\/herstellung-und-verkauf-von-brennholz\/\"},{\"@type\":\"ListItem\",\"position\":2,\"name\":\"\u00dcber uns\"}]},{\"@type\":\"WebSite\",\"@id\":\"https:\/\/www.bergendi.sk\/#website\",\"url\":\"https:\/\/www.bergendi.sk\/\",\"name\":\"BERGENDI\",\"description\":\"V\u00ddROBA A PREDAJ KRBOV\u00c9HO DREVA\",\"publisher\":{\"@id\":\"https:\/\/www.bergendi.sk\/#organization\"},\"potentialAction\":[{\"@type\":\"SearchAction\",\"target\":{\"@type\":\"EntryPoint\",\"urlTemplate\":\"https:\/\/www.bergendi.sk\/?s={search_term_string}\"},\"query-input\":\"required name=search_term_string\"}],\"inLanguage\":\"de\"},{\"@type\":\"Organization\",\"@id\":\"https:\/\/www.bergendi.sk\/#organization\",\"name\":\"BERGENDI\",\"url\":\"https:\/\/www.bergendi.sk\/\",\"logo\":{\"@type\":\"ImageObject\",\"inLanguage\":\"de\",\"@id\":\"https:\/\/www.bergendi.sk\/#\/schema\/logo\/image\/\",\"url\":\"https:\/\/www.bergendi.sk\/wp-content\/uploads\/2021\/03\/bergendi_logo.png\",\"contentUrl\":\"https:\/\/www.bergendi.sk\/wp-content\/uploads\/2021\/03\/bergendi_logo.png\",\"width\":250,\"height\":50,\"caption\":\"BERGENDI\"},\"image\":{\"@id\":\"https:\/\/www.bergendi.sk\/#\/schema\/logo\/image\/\"}}]}<\/script>\n<!-- \/ Yoast SEO plugin. -->","yoast_head_json":{"title":"\u00dcber uns - BERGENDI","robots":{"index":"index","follow":"follow","max-snippet":"max-snippet:-1","max-image-preview":"max-image-preview:large","max-video-preview":"max-video-preview:-1"},"canonical":"https:\/\/www.bergendi.sk\/de\/ueber-uns\/","og_locale":"de_DE","og_type":"article","og_title":"\u00dcber uns - BERGENDI","og_description":"\u00dcber uns BERGENDI Aktivit\u00e4ten des Unternehmens: Herstellung und Verkauf von Kaminholz Herstellung und Verkauf von Anz\u00fcndholzsp\u00e4nen Verkauf von Briketts, Pellets Verkauf von gebrauchten Teleskopladern. Die Hauptt\u00e4tigkeit des Unternehmens ist die Herstellung und der Verkauf von Kaminholz. Unser Werk befindet sich an einem ausgezeichneten Standort, etwa 80 km von Bratislava entfernt, was die Transportkosten f\u00fcr die &hellip; \u00dcber uns Weiterlesen &raquo;","og_url":"https:\/\/www.bergendi.sk\/de\/ueber-uns\/","og_site_name":"BERGENDI","article_modified_time":"2024-03-13T14:27:56+00:00","og_image":[{"url":"https:\/\/www.bergendi.sk\/wp-content\/uploads\/2021\/03\/firma-z-hora.jpeg"}],"twitter_card":"summary_large_image","twitter_misc":{"Gesch\u00e4tzte Lesezeit":"1\u00a0Minute"},"schema":{"@context":"https:\/\/schema.org","@graph":[{"@type":"WebPage","@id":"https:\/\/www.bergendi.sk\/de\/ueber-uns\/","url":"https:\/\/www.bergendi.sk\/de\/ueber-uns\/","name":"\u00dcber uns - BERGENDI","isPartOf":{"@id":"https:\/\/www.bergendi.sk\/#website"},"datePublished":"2019-01-23T05:31:31+00:00","dateModified":"2024-03-13T14:27:56+00:00","breadcrumb":{"@id":"https:\/\/www.bergendi.sk\/de\/ueber-uns\/#breadcrumb"},"inLanguage":"de","potentialAction":[{"@type":"ReadAction","target":["https:\/\/www.bergendi.sk\/de\/ueber-uns\/"]}]},{"@type":"BreadcrumbList","@id":"https:\/\/www.bergendi.sk\/de\/ueber-uns\/#breadcrumb","itemListElement":[{"@type":"ListItem","position":1,"name":"Home","item":"https:\/\/www.bergendi.sk\/de\/herstellung-und-verkauf-von-brennholz\/"},{"@type":"ListItem","position":2,"name":"\u00dcber uns"}]},{"@type":"WebSite","@id":"https:\/\/www.bergendi.sk\/#website","url":"https:\/\/www.bergendi.sk\/","name":"BERGENDI","description":"V\u00ddROBA A PREDAJ KRBOV\u00c9HO DREVA","publisher":{"@id":"https:\/\/www.bergendi.sk\/#organization"},"potentialAction":[{"@type":"SearchAction","target":{"@type":"EntryPoint","urlTemplate":"https:\/\/www.bergendi.sk\/?s={search_term_string}"},"query-input":"required name=search_term_string"}],"inLanguage":"de"},{"@type":"Organization","@id":"https:\/\/www.bergendi.sk\/#organization","name":"BERGENDI","url":"https:\/\/www.bergendi.sk\/","logo":{"@type":"ImageObject","inLanguage":"de","@id":"https:\/\/www.bergendi.sk\/#\/schema\/logo\/image\/","url":"https:\/\/www.bergendi.sk\/wp-content\/uploads\/2021\/03\/bergendi_logo.png","contentUrl":"https:\/\/www.bergendi.sk\/wp-content\/uploads\/2021\/03\/bergendi_logo.png","width":250,"height":50,"caption":"BERGENDI"},"image":{"@id":"https:\/\/www.bergendi.sk\/#\/schema\/logo\/image\/"}}]}},"_links":{"self":[{"href":"https:\/\/www.bergendi.sk\/de\/wp-json\/wp\/v2\/pages\/3721","targetHints":{"allow":["GET"]}}],"collection":[{"href":"https:\/\/www.bergendi.sk\/de\/wp-json\/wp\/v2\/pages"}],"about":[{"href":"https:\/\/www.bergendi.sk\/de\/wp-json\/wp\/v2\/types\/page"}],"author":[{"embeddable":true,"href":"https:\/\/www.bergendi.sk\/de\/wp-json\/wp\/v2\/users\/1"}],"replies":[{"embeddable":true,"href":"https:\/\/www.bergendi.sk\/de\/wp-json\/wp\/v2\/comments?post=3721"}],"version-history":[{"count":1,"href":"https:\/\/www.bergendi.sk\/de\/wp-json\/wp\/v2\/pages\/3721\/revisions"}],"predecessor-version":[{"id":3725,"href":"https:\/\/www.bergendi.sk\/de\/wp-json\/wp\/v2\/pages\/3721\/revisions\/3725"}],"wp:attachment":[{"href":"https:\/\/www.bergendi.sk\/de\/wp-json\/wp\/v2\/media?parent=3721"}],"curies":[{"name":"wp","href":"https:\/\/api.w.org\/{rel}","templated":true}]}}