{"id":3740,"date":"2023-08-30T21:00:19","date_gmt":"2023-08-30T19:00:19","guid":{"rendered":"https:\/\/www.bergendi.sk\/produkt\/trockenes-brennholz-buche-25cm-und-anzuendholzspaene-feuerholz-ohne-rinde\/"},"modified":"2023-08-30T21:00:19","modified_gmt":"2023-08-30T19:00:19","slug":"trockenes-brennholz-buche-25cm-und-anzuendholzspaene-feuerholz-ohne-rinde","status":"publish","type":"product","link":"https:\/\/www.bergendi.sk\/de\/produkt\/trockenes-brennholz-buche-25cm-und-anzuendholzspaene-feuerholz-ohne-rinde\/","title":{"rendered":"Trockenes Brennholz Buche 25cm und Anz\u00fcndholzsp\u00e4ne -Feuerholz ohne Rinde !!!!"},"content":{"rendered":"<div class=\"woocommerce-product-details__short-description\">\n<div class=\"elementor-element elementor-element-10a59b5e elementor-widget elementor-widget-woocommerce-product-short-description\" data-id=\"10a59b5e\" data-element_type=\"widget\" data-widget_type=\"woocommerce-product-short-description.default\">\n<div class=\"elementor-widget-container\">\n<div class=\"woocommerce-product-details__short-description\">\n<p><strong>Das Paket enth\u00e4lt ein kleines Kaminheizungsset &#8211; trockenes Buchenbrennholz in L\u00e4ngen von 25 cm und Anz\u00fcndh\u00f6lzer.<\/strong><\/p>\n<p>In der Schachtel befindet sich eine Auswahl an Kernholz ohne Rinde.<\/p>\n<p>Praktische Box <strong>f\u00fcr den Hausgebrauch, die die Handhabung beim Anheizen im Kamin oder auch beim Grillen im Gartengrill erleichtert. <\/strong>Einfache Aufbewahrung. Angenehmer Duft von Buchenholz, auch bei Lagerung in geschlossenen R\u00e4umen.<\/p>\n<p><strong>trockenes Brennholz<\/strong><\/p>\n<p>&nbsp;<\/p>\n<ul>\n<li>Garantiert <strong>sch\u00e4dlingsfrei<br \/>\n<\/strong><\/li>\n<li>Praktische Lagerung<\/li>\n<li>Einfach zu bedienen<\/li>\n<\/ul>\n<p>Abmessungen der Schachtel: 33 x 25 x 15 cm<\/p>\n<p><em>Gewichte und Abmessungen sind <strong>ungef\u00e4hre Angaben<\/strong> und k\u00f6nnen um +-10% abweichen.<\/em><\/p>\n<\/div>\n<\/div>\n<\/div>\n<\/div>\n","protected":false},"excerpt":{"rendered":"<div class=\"woocommerce-product-details__short-description\">\n<div class=\"elementor-element elementor-element-10a59b5e elementor-widget elementor-widget-woocommerce-product-short-description\" data-id=\"10a59b5e\" data-element_type=\"widget\" data-widget_type=\"woocommerce-product-short-description.default\">\n<div class=\"elementor-widget-container\">\n<div class=\"woocommerce-product-details__short-description\">\n<p><strong>Das Paket enth\u00e4lt ein kleines Kaminheizungsset &#8211; trockenes Buchenbrennholz in L\u00e4ngen von 25 cm und Anz\u00fcndh\u00f6lzer.<\/strong><\/p>\n<p>In der Schachtel befindet sich eine Auswahl an Kernholz ohne Rinde.<\/p>\n<p>Praktische Box <strong>f\u00fcr den Hausgebrauch, die die Handhabung beim Anheizen im Kamin oder auch beim Grillen im Gartengrill erleichtert. <\/strong>Einfache Aufbewahrung. Angenehmer Duft von Buchenholz, auch bei Lagerung in geschlossenen R\u00e4umen.<\/p>\n<\/div>\n<\/div>\n<\/div>\n<\/div>\n","protected":false},"featured_media":2921,"template":"","meta":[],"product_cat":[50],"product_tag":[],"class_list":["post-3740","product","type-product","status-publish","has-post-thumbnail","hentry","product_cat-brennholz"],"acf":[],"yoast_head":"<!-- This site is optimized with the Yoast SEO plugin v21.9.1 - https:\/\/yoast.com\/wordpress\/plugins\/seo\/ -->\n<title>Trockenes Brennholz Buche 25cm und Anz\u00fcndholzsp\u00e4ne -Feuerholz ohne Rinde !!!! - BERGENDI<\/title>\n<meta name=\"robots\" content=\"index, follow, max-snippet:-1, max-image-preview:large, max-video-preview:-1\" \/>\n<link rel=\"canonical\" href=\"https:\/\/www.bergendi.sk\/produkt\/trockenes-brennholz-buche-25cm-und-anzuendholzspaene-feuerholz-ohne-rinde\/\" \/>\n<meta property=\"og:locale\" content=\"de_DE\" \/>\n<meta property=\"og:type\" content=\"article\" \/>\n<meta property=\"og:title\" content=\"Trockenes Brennholz Buche 25cm und Anz\u00fcndholzsp\u00e4ne -Feuerholz ohne Rinde !!!! - BERGENDI\" \/>\n<meta property=\"og:description\" content=\"Das Paket enth\u00e4lt ein kleines Kaminheizungsset - trockenes Buchenbrennholz in L\u00e4ngen von 25 cm und Anz\u00fcndh\u00f6lzer. In der Schachtel befindet sich eine Auswahl an Kernholz ohne Rinde. Praktische Box f\u00fcr den Hausgebrauch, die die Handhabung beim Anheizen im Kamin oder auch beim Grillen im Gartengrill erleichtert. Einfache Aufbewahrung. Angenehmer Duft von Buchenholz, auch bei Lagerung in geschlossenen R\u00e4umen.\" \/>\n<meta property=\"og:url\" content=\"https:\/\/www.bergendi.sk\/produkt\/trockenes-brennholz-buche-25cm-und-anzuendholzspaene-feuerholz-ohne-rinde\/\" \/>\n<meta property=\"og:site_name\" content=\"BERGENDI\" \/>\n<meta name=\"twitter:card\" content=\"summary_large_image\" \/>\n<script type=\"application\/ld+json\" class=\"yoast-schema-graph\">{\"@context\":\"https:\/\/schema.org\",\"@graph\":[{\"@type\":\"WebPage\",\"@id\":\"https:\/\/www.bergendi.sk\/produkt\/trockenes-brennholz-buche-25cm-und-anzuendholzspaene-feuerholz-ohne-rinde\/\",\"url\":\"https:\/\/www.bergendi.sk\/produkt\/trockenes-brennholz-buche-25cm-und-anzuendholzspaene-feuerholz-ohne-rinde\/\",\"name\":\"Trockenes Brennholz Buche 25cm und Anz\u00fcndholzsp\u00e4ne -Feuerholz ohne Rinde !!!! - BERGENDI\",\"isPartOf\":{\"@id\":\"https:\/\/www.bergendi.sk\/#website\"},\"datePublished\":\"2023-08-30T19:00:19+00:00\",\"dateModified\":\"2023-08-30T19:00:19+00:00\",\"breadcrumb\":{\"@id\":\"https:\/\/www.bergendi.sk\/produkt\/trockenes-brennholz-buche-25cm-und-anzuendholzspaene-feuerholz-ohne-rinde\/#breadcrumb\"},\"inLanguage\":\"de\",\"potentialAction\":[{\"@type\":\"ReadAction\",\"target\":[\"https:\/\/www.bergendi.sk\/produkt\/trockenes-brennholz-buche-25cm-und-anzuendholzspaene-feuerholz-ohne-rinde\/\"]}]},{\"@type\":\"BreadcrumbList\",\"@id\":\"https:\/\/www.bergendi.sk\/produkt\/trockenes-brennholz-buche-25cm-und-anzuendholzspaene-feuerholz-ohne-rinde\/#breadcrumb\",\"itemListElement\":[{\"@type\":\"ListItem\",\"position\":1,\"name\":\"Home\",\"item\":\"https:\/\/www.bergendi.sk\/de\/herstellung-und-verkauf-von-brennholz\/\"},{\"@type\":\"ListItem\",\"position\":2,\"name\":\"Shop\",\"item\":\"https:\/\/www.bergendi.sk\/shop\/\"},{\"@type\":\"ListItem\",\"position\":3,\"name\":\"Trockenes Brennholz Buche 25cm und Anz\u00fcndholzsp\u00e4ne -Feuerholz ohne Rinde !!!!\"}]},{\"@type\":\"WebSite\",\"@id\":\"https:\/\/www.bergendi.sk\/#website\",\"url\":\"https:\/\/www.bergendi.sk\/\",\"name\":\"BERGENDI\",\"description\":\"V\u00ddROBA A PREDAJ KRBOV\u00c9HO DREVA\",\"publisher\":{\"@id\":\"https:\/\/www.bergendi.sk\/#organization\"},\"potentialAction\":[{\"@type\":\"SearchAction\",\"target\":{\"@type\":\"EntryPoint\",\"urlTemplate\":\"https:\/\/www.bergendi.sk\/?s={search_term_string}\"},\"query-input\":\"required name=search_term_string\"}],\"inLanguage\":\"de\"},{\"@type\":\"Organization\",\"@id\":\"https:\/\/www.bergendi.sk\/#organization\",\"name\":\"BERGENDI\",\"url\":\"https:\/\/www.bergendi.sk\/\",\"logo\":{\"@type\":\"ImageObject\",\"inLanguage\":\"de\",\"@id\":\"https:\/\/www.bergendi.sk\/#\/schema\/logo\/image\/\",\"url\":\"https:\/\/www.bergendi.sk\/wp-content\/uploads\/2021\/03\/bergendi_logo.png\",\"contentUrl\":\"https:\/\/www.bergendi.sk\/wp-content\/uploads\/2021\/03\/bergendi_logo.png\",\"width\":250,\"height\":50,\"caption\":\"BERGENDI\"},\"image\":{\"@id\":\"https:\/\/www.bergendi.sk\/#\/schema\/logo\/image\/\"}}]}<\/script>\n<!-- \/ Yoast SEO plugin. -->","yoast_head_json":{"title":"Trockenes Brennholz Buche 25cm und Anz\u00fcndholzsp\u00e4ne -Feuerholz ohne Rinde !!!! - BERGENDI","robots":{"index":"index","follow":"follow","max-snippet":"max-snippet:-1","max-image-preview":"max-image-preview:large","max-video-preview":"max-video-preview:-1"},"canonical":"https:\/\/www.bergendi.sk\/produkt\/trockenes-brennholz-buche-25cm-und-anzuendholzspaene-feuerholz-ohne-rinde\/","og_locale":"de_DE","og_type":"article","og_title":"Trockenes Brennholz Buche 25cm und Anz\u00fcndholzsp\u00e4ne -Feuerholz ohne Rinde !!!! - BERGENDI","og_description":"Das Paket enth\u00e4lt ein kleines Kaminheizungsset - trockenes Buchenbrennholz in L\u00e4ngen von 25 cm und Anz\u00fcndh\u00f6lzer. In der Schachtel befindet sich eine Auswahl an Kernholz ohne Rinde. Praktische Box f\u00fcr den Hausgebrauch, die die Handhabung beim Anheizen im Kamin oder auch beim Grillen im Gartengrill erleichtert. Einfache Aufbewahrung. Angenehmer Duft von Buchenholz, auch bei Lagerung in geschlossenen R\u00e4umen.","og_url":"https:\/\/www.bergendi.sk\/produkt\/trockenes-brennholz-buche-25cm-und-anzuendholzspaene-feuerholz-ohne-rinde\/","og_site_name":"BERGENDI","twitter_card":"summary_large_image","schema":{"@context":"https:\/\/schema.org","@graph":[{"@type":"WebPage","@id":"https:\/\/www.bergendi.sk\/produkt\/trockenes-brennholz-buche-25cm-und-anzuendholzspaene-feuerholz-ohne-rinde\/","url":"https:\/\/www.bergendi.sk\/produkt\/trockenes-brennholz-buche-25cm-und-anzuendholzspaene-feuerholz-ohne-rinde\/","name":"Trockenes Brennholz Buche 25cm und Anz\u00fcndholzsp\u00e4ne -Feuerholz ohne Rinde !!!! - BERGENDI","isPartOf":{"@id":"https:\/\/www.bergendi.sk\/#website"},"datePublished":"2023-08-30T19:00:19+00:00","dateModified":"2023-08-30T19:00:19+00:00","breadcrumb":{"@id":"https:\/\/www.bergendi.sk\/produkt\/trockenes-brennholz-buche-25cm-und-anzuendholzspaene-feuerholz-ohne-rinde\/#breadcrumb"},"inLanguage":"de","potentialAction":[{"@type":"ReadAction","target":["https:\/\/www.bergendi.sk\/produkt\/trockenes-brennholz-buche-25cm-und-anzuendholzspaene-feuerholz-ohne-rinde\/"]}]},{"@type":"BreadcrumbList","@id":"https:\/\/www.bergendi.sk\/produkt\/trockenes-brennholz-buche-25cm-und-anzuendholzspaene-feuerholz-ohne-rinde\/#breadcrumb","itemListElement":[{"@type":"ListItem","position":1,"name":"Home","item":"https:\/\/www.bergendi.sk\/de\/herstellung-und-verkauf-von-brennholz\/"},{"@type":"ListItem","position":2,"name":"Shop","item":"https:\/\/www.bergendi.sk\/shop\/"},{"@type":"ListItem","position":3,"name":"Trockenes Brennholz Buche 25cm und Anz\u00fcndholzsp\u00e4ne -Feuerholz ohne Rinde !!!!"}]},{"@type":"WebSite","@id":"https:\/\/www.bergendi.sk\/#website","url":"https:\/\/www.bergendi.sk\/","name":"BERGENDI","description":"V\u00ddROBA A PREDAJ KRBOV\u00c9HO DREVA","publisher":{"@id":"https:\/\/www.bergendi.sk\/#organization"},"potentialAction":[{"@type":"SearchAction","target":{"@type":"EntryPoint","urlTemplate":"https:\/\/www.bergendi.sk\/?s={search_term_string}"},"query-input":"required name=search_term_string"}],"inLanguage":"de"},{"@type":"Organization","@id":"https:\/\/www.bergendi.sk\/#organization","name":"BERGENDI","url":"https:\/\/www.bergendi.sk\/","logo":{"@type":"ImageObject","inLanguage":"de","@id":"https:\/\/www.bergendi.sk\/#\/schema\/logo\/image\/","url":"https:\/\/www.bergendi.sk\/wp-content\/uploads\/2021\/03\/bergendi_logo.png","contentUrl":"https:\/\/www.bergendi.sk\/wp-content\/uploads\/2021\/03\/bergendi_logo.png","width":250,"height":50,"caption":"BERGENDI"},"image":{"@id":"https:\/\/www.bergendi.sk\/#\/schema\/logo\/image\/"}}]}},"_links":{"self":[{"href":"https:\/\/www.bergendi.sk\/de\/wp-json\/wp\/v2\/product\/3740","targetHints":{"allow":["GET"]}}],"collection":[{"href":"https:\/\/www.bergendi.sk\/de\/wp-json\/wp\/v2\/product"}],"about":[{"href":"https:\/\/www.bergendi.sk\/de\/wp-json\/wp\/v2\/types\/product"}],"version-history":[{"count":0,"href":"https:\/\/www.bergendi.sk\/de\/wp-json\/wp\/v2\/product\/3740\/revisions"}],"wp:featuredmedia":[{"embeddable":true,"href":"https:\/\/www.bergendi.sk\/de\/wp-json\/wp\/v2\/media\/2921"}],"wp:attachment":[{"href":"https:\/\/www.bergendi.sk\/de\/wp-json\/wp\/v2\/media?parent=3740"}],"wp:term":[{"taxonomy":"product_cat","embeddable":true,"href":"https:\/\/www.bergendi.sk\/de\/wp-json\/wp\/v2\/product_cat?post=3740"},{"taxonomy":"product_tag","embeddable":true,"href":"https:\/\/www.bergendi.sk\/de\/wp-json\/wp\/v2\/product_tag?post=3740"}],"curies":[{"name":"wp","href":"https:\/\/api.w.org\/{rel}","templated":true}]}}