{"id":3741,"date":"2023-09-01T13:28:32","date_gmt":"2023-09-01T11:28:32","guid":{"rendered":"https:\/\/www.bergendi.sk\/produkt\/trockenes-brennholz-buche-25cm-palette\/"},"modified":"2023-09-01T13:28:32","modified_gmt":"2023-09-01T11:28:32","slug":"trockenes-brennholz-buche-25cm-palette","status":"publish","type":"product","link":"https:\/\/www.bergendi.sk\/de\/produkt\/trockenes-brennholz-buche-25cm-palette\/","title":{"rendered":"Trockenes Brennholz Buche 25cm &#8211; Palette"},"content":{"rendered":"<div class=\"woocommerce-product-details__short-description\">\n<div class=\"elementor-element elementor-element-10a59b5e elementor-widget elementor-widget-woocommerce-product-short-description\" data-id=\"10a59b5e\" data-element_type=\"widget\" data-widget_type=\"woocommerce-product-short-description.default\">\n<div class=\"elementor-widget-container\">\n<div class=\"woocommerce-product-details__short-description\">\n<p><strong>Trockenes Buchenbrennholz &#8211; 1<sup>m3<\/sup> \/ inneres Volumen des Raumes in der Palette \/ trockenes Buchenbrennholz in der L\u00e4nge 25 cm.<\/strong><\/p>\n<p><strong>trockenes Brennholz<\/strong><\/p>\n<p>&nbsp;<\/p>\n<ul>\n<li>Garantiert <strong>sch\u00e4dlingsfrei<\/strong><\/li>\n<\/ul>\n<p>Innenma\u00dfe der Palette: 1 x 1 x 1 m<\/p>\n<\/div>\n<\/div>\n<\/div>\n<\/div>\n","protected":false},"excerpt":{"rendered":"<div class=\"woocommerce-product-details__short-description\">\n<div class=\"elementor-element elementor-element-10a59b5e elementor-widget elementor-widget-woocommerce-product-short-description\" data-id=\"10a59b5e\" data-element_type=\"widget\" data-widget_type=\"woocommerce-product-short-description.default\">\n<div class=\"elementor-widget-container\">\n<div class=\"woocommerce-product-details__short-description\"><strong><strong><br \/>\nTrockenes Buchenbrennholz &#8211; 1<sup>m3<\/sup> \/ inneres Volumen des Raumes in der Palette \/ trockenes Buchenbrennholz in der L\u00e4nge 25 cm<\/strong><\/strong><\/p>\n<div><a href=\"https:\/\/www.toptrans.sk\/preprava\/sk\/moznosti-objednani-prepravy-u-spolecnosti-toptrans\/\">Bei der Bestellung von Holz in einer Palette k\u00f6nnen Sie den Preis f\u00fcr den Transport in der Firma TOP TRANS informativ \u00fcberpr\u00fcfen<\/a><\/div>\n<div>www.toptrans.sk. Tel.: 00421 901 717 364, wo Sie nach Eingabe Ihrer Adresse den genauen Preis f\u00fcr den Transport berechnen k\u00f6nnen.<\/div>\n<div>Wenn Sie \u00fcber einen eigenen Transport verf\u00fcgen, teilen Sie uns einfach mit, wann Sie das Brennholz auf einer Palette abholen werden. Ort der Sammlung von Brennholz : Ag\u00e1tova 2153, Tvrdo\u0161ovce 941 10.<\/div>\n<\/div>\n<div><\/div>\n<\/div>\n<\/div>\n<\/div>\n","protected":false},"featured_media":3173,"template":"","meta":[],"product_cat":[50],"product_tag":[],"class_list":["post-3741","product","type-product","status-publish","has-post-thumbnail","hentry","product_cat-brennholz"],"acf":[],"yoast_head":"<!-- This site is optimized with the Yoast SEO plugin v21.9.1 - https:\/\/yoast.com\/wordpress\/plugins\/seo\/ -->\n<title>Trockenes Brennholz Buche 25cm - Palette - BERGENDI<\/title>\n<meta name=\"robots\" content=\"index, follow, max-snippet:-1, max-image-preview:large, max-video-preview:-1\" \/>\n<link rel=\"canonical\" href=\"https:\/\/www.bergendi.sk\/produkt\/trockenes-brennholz-buche-25cm-palette\/\" \/>\n<meta property=\"og:locale\" content=\"de_DE\" \/>\n<meta property=\"og:type\" content=\"article\" \/>\n<meta property=\"og:title\" content=\"Trockenes Brennholz Buche 25cm - Palette - BERGENDI\" \/>\n<meta property=\"og:description\" content=\"Trockenes Buchenbrennholz - 1m3 \/ inneres Volumen des Raumes in der Palette \/ trockenes Buchenbrennholz in der L\u00e4nge 25 cm Bei der Bestellung von Holz in einer Palette k\u00f6nnen Sie den Preis f\u00fcr den Transport in der Firma TOP TRANS informativ \u00fcberpr\u00fcfen www.toptrans.sk. Tel.: 00421 901 717 364, wo Sie nach Eingabe Ihrer Adresse den genauen Preis f\u00fcr den Transport berechnen k\u00f6nnen. Wenn Sie \u00fcber einen eigenen Transport verf\u00fcgen, teilen Sie uns einfach mit, wann Sie das Brennholz auf einer Palette abholen werden. Ort der Sammlung von Brennholz : Ag\u00e1tova 2153, Tvrdo\u0161ovce 941 10.\" \/>\n<meta property=\"og:url\" content=\"https:\/\/www.bergendi.sk\/produkt\/trockenes-brennholz-buche-25cm-palette\/\" \/>\n<meta property=\"og:site_name\" content=\"BERGENDI\" \/>\n<meta name=\"twitter:card\" content=\"summary_large_image\" \/>\n<script type=\"application\/ld+json\" class=\"yoast-schema-graph\">{\"@context\":\"https:\/\/schema.org\",\"@graph\":[{\"@type\":\"WebPage\",\"@id\":\"https:\/\/www.bergendi.sk\/produkt\/trockenes-brennholz-buche-25cm-palette\/\",\"url\":\"https:\/\/www.bergendi.sk\/produkt\/trockenes-brennholz-buche-25cm-palette\/\",\"name\":\"Trockenes Brennholz Buche 25cm - Palette - BERGENDI\",\"isPartOf\":{\"@id\":\"https:\/\/www.bergendi.sk\/#website\"},\"datePublished\":\"2023-09-01T11:28:32+00:00\",\"dateModified\":\"2023-09-01T11:28:32+00:00\",\"breadcrumb\":{\"@id\":\"https:\/\/www.bergendi.sk\/produkt\/trockenes-brennholz-buche-25cm-palette\/#breadcrumb\"},\"inLanguage\":\"de\",\"potentialAction\":[{\"@type\":\"ReadAction\",\"target\":[\"https:\/\/www.bergendi.sk\/produkt\/trockenes-brennholz-buche-25cm-palette\/\"]}]},{\"@type\":\"BreadcrumbList\",\"@id\":\"https:\/\/www.bergendi.sk\/produkt\/trockenes-brennholz-buche-25cm-palette\/#breadcrumb\",\"itemListElement\":[{\"@type\":\"ListItem\",\"position\":1,\"name\":\"Home\",\"item\":\"https:\/\/www.bergendi.sk\/de\/herstellung-und-verkauf-von-brennholz\/\"},{\"@type\":\"ListItem\",\"position\":2,\"name\":\"Shop\",\"item\":\"https:\/\/www.bergendi.sk\/shop\/\"},{\"@type\":\"ListItem\",\"position\":3,\"name\":\"Trockenes Brennholz Buche 25cm &#8211; Palette\"}]},{\"@type\":\"WebSite\",\"@id\":\"https:\/\/www.bergendi.sk\/#website\",\"url\":\"https:\/\/www.bergendi.sk\/\",\"name\":\"BERGENDI\",\"description\":\"V\u00ddROBA A PREDAJ KRBOV\u00c9HO DREVA\",\"publisher\":{\"@id\":\"https:\/\/www.bergendi.sk\/#organization\"},\"potentialAction\":[{\"@type\":\"SearchAction\",\"target\":{\"@type\":\"EntryPoint\",\"urlTemplate\":\"https:\/\/www.bergendi.sk\/?s={search_term_string}\"},\"query-input\":\"required name=search_term_string\"}],\"inLanguage\":\"de\"},{\"@type\":\"Organization\",\"@id\":\"https:\/\/www.bergendi.sk\/#organization\",\"name\":\"BERGENDI\",\"url\":\"https:\/\/www.bergendi.sk\/\",\"logo\":{\"@type\":\"ImageObject\",\"inLanguage\":\"de\",\"@id\":\"https:\/\/www.bergendi.sk\/#\/schema\/logo\/image\/\",\"url\":\"https:\/\/www.bergendi.sk\/wp-content\/uploads\/2021\/03\/bergendi_logo.png\",\"contentUrl\":\"https:\/\/www.bergendi.sk\/wp-content\/uploads\/2021\/03\/bergendi_logo.png\",\"width\":250,\"height\":50,\"caption\":\"BERGENDI\"},\"image\":{\"@id\":\"https:\/\/www.bergendi.sk\/#\/schema\/logo\/image\/\"}}]}<\/script>\n<!-- \/ Yoast SEO plugin. -->","yoast_head_json":{"title":"Trockenes Brennholz Buche 25cm - Palette - BERGENDI","robots":{"index":"index","follow":"follow","max-snippet":"max-snippet:-1","max-image-preview":"max-image-preview:large","max-video-preview":"max-video-preview:-1"},"canonical":"https:\/\/www.bergendi.sk\/produkt\/trockenes-brennholz-buche-25cm-palette\/","og_locale":"de_DE","og_type":"article","og_title":"Trockenes Brennholz Buche 25cm - Palette - BERGENDI","og_description":"Trockenes Buchenbrennholz - 1m3 \/ inneres Volumen des Raumes in der Palette \/ trockenes Buchenbrennholz in der L\u00e4nge 25 cm Bei der Bestellung von Holz in einer Palette k\u00f6nnen Sie den Preis f\u00fcr den Transport in der Firma TOP TRANS informativ \u00fcberpr\u00fcfen www.toptrans.sk. Tel.: 00421 901 717 364, wo Sie nach Eingabe Ihrer Adresse den genauen Preis f\u00fcr den Transport berechnen k\u00f6nnen. Wenn Sie \u00fcber einen eigenen Transport verf\u00fcgen, teilen Sie uns einfach mit, wann Sie das Brennholz auf einer Palette abholen werden. Ort der Sammlung von Brennholz : Ag\u00e1tova 2153, Tvrdo\u0161ovce 941 10.","og_url":"https:\/\/www.bergendi.sk\/produkt\/trockenes-brennholz-buche-25cm-palette\/","og_site_name":"BERGENDI","twitter_card":"summary_large_image","schema":{"@context":"https:\/\/schema.org","@graph":[{"@type":"WebPage","@id":"https:\/\/www.bergendi.sk\/produkt\/trockenes-brennholz-buche-25cm-palette\/","url":"https:\/\/www.bergendi.sk\/produkt\/trockenes-brennholz-buche-25cm-palette\/","name":"Trockenes Brennholz Buche 25cm - Palette - BERGENDI","isPartOf":{"@id":"https:\/\/www.bergendi.sk\/#website"},"datePublished":"2023-09-01T11:28:32+00:00","dateModified":"2023-09-01T11:28:32+00:00","breadcrumb":{"@id":"https:\/\/www.bergendi.sk\/produkt\/trockenes-brennholz-buche-25cm-palette\/#breadcrumb"},"inLanguage":"de","potentialAction":[{"@type":"ReadAction","target":["https:\/\/www.bergendi.sk\/produkt\/trockenes-brennholz-buche-25cm-palette\/"]}]},{"@type":"BreadcrumbList","@id":"https:\/\/www.bergendi.sk\/produkt\/trockenes-brennholz-buche-25cm-palette\/#breadcrumb","itemListElement":[{"@type":"ListItem","position":1,"name":"Home","item":"https:\/\/www.bergendi.sk\/de\/herstellung-und-verkauf-von-brennholz\/"},{"@type":"ListItem","position":2,"name":"Shop","item":"https:\/\/www.bergendi.sk\/shop\/"},{"@type":"ListItem","position":3,"name":"Trockenes Brennholz Buche 25cm &#8211; Palette"}]},{"@type":"WebSite","@id":"https:\/\/www.bergendi.sk\/#website","url":"https:\/\/www.bergendi.sk\/","name":"BERGENDI","description":"V\u00ddROBA A PREDAJ KRBOV\u00c9HO DREVA","publisher":{"@id":"https:\/\/www.bergendi.sk\/#organization"},"potentialAction":[{"@type":"SearchAction","target":{"@type":"EntryPoint","urlTemplate":"https:\/\/www.bergendi.sk\/?s={search_term_string}"},"query-input":"required name=search_term_string"}],"inLanguage":"de"},{"@type":"Organization","@id":"https:\/\/www.bergendi.sk\/#organization","name":"BERGENDI","url":"https:\/\/www.bergendi.sk\/","logo":{"@type":"ImageObject","inLanguage":"de","@id":"https:\/\/www.bergendi.sk\/#\/schema\/logo\/image\/","url":"https:\/\/www.bergendi.sk\/wp-content\/uploads\/2021\/03\/bergendi_logo.png","contentUrl":"https:\/\/www.bergendi.sk\/wp-content\/uploads\/2021\/03\/bergendi_logo.png","width":250,"height":50,"caption":"BERGENDI"},"image":{"@id":"https:\/\/www.bergendi.sk\/#\/schema\/logo\/image\/"}}]}},"_links":{"self":[{"href":"https:\/\/www.bergendi.sk\/de\/wp-json\/wp\/v2\/product\/3741","targetHints":{"allow":["GET"]}}],"collection":[{"href":"https:\/\/www.bergendi.sk\/de\/wp-json\/wp\/v2\/product"}],"about":[{"href":"https:\/\/www.bergendi.sk\/de\/wp-json\/wp\/v2\/types\/product"}],"version-history":[{"count":0,"href":"https:\/\/www.bergendi.sk\/de\/wp-json\/wp\/v2\/product\/3741\/revisions"}],"wp:featuredmedia":[{"embeddable":true,"href":"https:\/\/www.bergendi.sk\/de\/wp-json\/wp\/v2\/media\/3173"}],"wp:attachment":[{"href":"https:\/\/www.bergendi.sk\/de\/wp-json\/wp\/v2\/media?parent=3741"}],"wp:term":[{"taxonomy":"product_cat","embeddable":true,"href":"https:\/\/www.bergendi.sk\/de\/wp-json\/wp\/v2\/product_cat?post=3741"},{"taxonomy":"product_tag","embeddable":true,"href":"https:\/\/www.bergendi.sk\/de\/wp-json\/wp\/v2\/product_tag?post=3741"}],"curies":[{"name":"wp","href":"https:\/\/api.w.org\/{rel}","templated":true}]}}