{"id":3744,"date":"2024-02-06T08:39:33","date_gmt":"2024-02-06T07:39:33","guid":{"rendered":"https:\/\/www.bergendi.sk\/produkt\/trockene-brandsplitter\/"},"modified":"2024-03-13T15:44:40","modified_gmt":"2024-03-13T14:44:40","slug":"trockene-brandsplitter","status":"publish","type":"product","link":"https:\/\/www.bergendi.sk\/de\/produkt\/trockene-brandsplitter\/","title":{"rendered":"Trockene Brandsplitter"},"content":{"rendered":"<p><strong>Die Packung enth\u00e4lt trockene Anz\u00fcndh\u00f6lzer, die zum Anz\u00fcnden von Feuerstellen geeignet sind.  <\/strong><\/p>\n<p>Praktische Box <strong>f\u00fcr den Hausgebrauch, die die Handhabung beim Anheizen im Kamin oder auch beim Grillen im Gartengrill erleichtert. <\/strong>Einfache Aufbewahrung.<\/p>\n<p>Abmessungen der Schachtel: 33 x 25 x 15 cm<\/p>\n<p><em>Gewichte und Abmessungen sind <strong>ungef\u00e4hre Angaben<\/strong> und k\u00f6nnen um +-10% abweichen.<\/em><\/p>\n<p>&nbsp;<\/p>\n","protected":false},"excerpt":{"rendered":"<p>Die Packung enth\u00e4lt trockene Anz\u00fcndh\u00f6lzer, die zum Anz\u00fcnden von Feuerstellen geeignet sind. Praktische Box f\u00fcr den Hausgebrauch, die die Handhabung beim Anheizen im Kamin oder auch beim Grillen im Gartengrill erleichtert. Einfache Aufbewahrung. Abmessungen der Schachtel: 33 x 25 x 15 cm Gewichte und Abmessungen sind ungef\u00e4hre Angaben und k\u00f6nnen um +-10% abweichen. &nbsp;<\/p>\n","protected":false},"featured_media":3175,"template":"","meta":[],"product_cat":[50],"product_tag":[],"class_list":["post-3744","product","type-product","status-publish","has-post-thumbnail","hentry","product_cat-brennholz"],"acf":[],"yoast_head":"<!-- This site is optimized with the Yoast SEO plugin v21.9.1 - https:\/\/yoast.com\/wordpress\/plugins\/seo\/ -->\n<title>Trockene Brandsplitter - BERGENDI<\/title>\n<meta name=\"robots\" content=\"index, follow, max-snippet:-1, max-image-preview:large, max-video-preview:-1\" \/>\n<link rel=\"canonical\" href=\"https:\/\/www.bergendi.sk\/de\/produkt\/trockene-brandsplitter\/\" \/>\n<meta property=\"og:locale\" content=\"de_DE\" \/>\n<meta property=\"og:type\" content=\"article\" \/>\n<meta property=\"og:title\" content=\"Trockene Brandsplitter - BERGENDI\" \/>\n<meta property=\"og:description\" content=\"Die Packung enth\u00e4lt trockene Anz\u00fcndh\u00f6lzer, die zum Anz\u00fcnden von Feuerstellen geeignet sind. Praktische Box f\u00fcr den Hausgebrauch, die die Handhabung beim Anheizen im Kamin oder auch beim Grillen im Gartengrill erleichtert. Einfache Aufbewahrung. Abmessungen der Schachtel: 33 x 25 x 15 cm Gewichte und Abmessungen sind ungef\u00e4hre Angaben und k\u00f6nnen um +-10% abweichen. &nbsp;\" \/>\n<meta property=\"og:url\" content=\"https:\/\/www.bergendi.sk\/de\/produkt\/trockene-brandsplitter\/\" \/>\n<meta property=\"og:site_name\" content=\"BERGENDI\" \/>\n<meta property=\"article:modified_time\" content=\"2024-03-13T14:44:40+00:00\" \/>\n<meta property=\"og:image\" content=\"https:\/\/www.bergendi.sk\/wp-content\/uploads\/2024\/02\/IMG_1011-scaled.jpeg\" \/>\n\t<meta property=\"og:image:width\" content=\"1920\" \/>\n\t<meta property=\"og:image:height\" content=\"2560\" \/>\n\t<meta property=\"og:image:type\" content=\"image\/jpeg\" \/>\n<meta name=\"twitter:card\" content=\"summary_large_image\" \/>\n<script type=\"application\/ld+json\" class=\"yoast-schema-graph\">{\"@context\":\"https:\/\/schema.org\",\"@graph\":[{\"@type\":\"WebPage\",\"@id\":\"https:\/\/www.bergendi.sk\/de\/produkt\/trockene-brandsplitter\/\",\"url\":\"https:\/\/www.bergendi.sk\/de\/produkt\/trockene-brandsplitter\/\",\"name\":\"Trockene Brandsplitter - BERGENDI\",\"isPartOf\":{\"@id\":\"https:\/\/www.bergendi.sk\/#website\"},\"datePublished\":\"2024-02-06T07:39:33+00:00\",\"dateModified\":\"2024-03-13T14:44:40+00:00\",\"breadcrumb\":{\"@id\":\"https:\/\/www.bergendi.sk\/de\/produkt\/trockene-brandsplitter\/#breadcrumb\"},\"inLanguage\":\"de\",\"potentialAction\":[{\"@type\":\"ReadAction\",\"target\":[\"https:\/\/www.bergendi.sk\/de\/produkt\/trockene-brandsplitter\/\"]}]},{\"@type\":\"BreadcrumbList\",\"@id\":\"https:\/\/www.bergendi.sk\/de\/produkt\/trockene-brandsplitter\/#breadcrumb\",\"itemListElement\":[{\"@type\":\"ListItem\",\"position\":1,\"name\":\"Home\",\"item\":\"https:\/\/www.bergendi.sk\/de\/herstellung-und-verkauf-von-brennholz\/\"},{\"@type\":\"ListItem\",\"position\":2,\"name\":\"Shop\",\"item\":\"https:\/\/www.bergendi.sk\/shop\/\"},{\"@type\":\"ListItem\",\"position\":3,\"name\":\"Trockene Brandsplitter\"}]},{\"@type\":\"WebSite\",\"@id\":\"https:\/\/www.bergendi.sk\/#website\",\"url\":\"https:\/\/www.bergendi.sk\/\",\"name\":\"BERGENDI\",\"description\":\"V\u00ddROBA A PREDAJ KRBOV\u00c9HO DREVA\",\"publisher\":{\"@id\":\"https:\/\/www.bergendi.sk\/#organization\"},\"potentialAction\":[{\"@type\":\"SearchAction\",\"target\":{\"@type\":\"EntryPoint\",\"urlTemplate\":\"https:\/\/www.bergendi.sk\/?s={search_term_string}\"},\"query-input\":\"required name=search_term_string\"}],\"inLanguage\":\"de\"},{\"@type\":\"Organization\",\"@id\":\"https:\/\/www.bergendi.sk\/#organization\",\"name\":\"BERGENDI\",\"url\":\"https:\/\/www.bergendi.sk\/\",\"logo\":{\"@type\":\"ImageObject\",\"inLanguage\":\"de\",\"@id\":\"https:\/\/www.bergendi.sk\/#\/schema\/logo\/image\/\",\"url\":\"https:\/\/www.bergendi.sk\/wp-content\/uploads\/2021\/03\/bergendi_logo.png\",\"contentUrl\":\"https:\/\/www.bergendi.sk\/wp-content\/uploads\/2021\/03\/bergendi_logo.png\",\"width\":250,\"height\":50,\"caption\":\"BERGENDI\"},\"image\":{\"@id\":\"https:\/\/www.bergendi.sk\/#\/schema\/logo\/image\/\"}}]}<\/script>\n<!-- \/ Yoast SEO plugin. -->","yoast_head_json":{"title":"Trockene Brandsplitter - BERGENDI","robots":{"index":"index","follow":"follow","max-snippet":"max-snippet:-1","max-image-preview":"max-image-preview:large","max-video-preview":"max-video-preview:-1"},"canonical":"https:\/\/www.bergendi.sk\/de\/produkt\/trockene-brandsplitter\/","og_locale":"de_DE","og_type":"article","og_title":"Trockene Brandsplitter - BERGENDI","og_description":"Die Packung enth\u00e4lt trockene Anz\u00fcndh\u00f6lzer, die zum Anz\u00fcnden von Feuerstellen geeignet sind. Praktische Box f\u00fcr den Hausgebrauch, die die Handhabung beim Anheizen im Kamin oder auch beim Grillen im Gartengrill erleichtert. Einfache Aufbewahrung. Abmessungen der Schachtel: 33 x 25 x 15 cm Gewichte und Abmessungen sind ungef\u00e4hre Angaben und k\u00f6nnen um +-10% abweichen. &nbsp;","og_url":"https:\/\/www.bergendi.sk\/de\/produkt\/trockene-brandsplitter\/","og_site_name":"BERGENDI","article_modified_time":"2024-03-13T14:44:40+00:00","og_image":[{"width":1920,"height":2560,"url":"https:\/\/www.bergendi.sk\/wp-content\/uploads\/2024\/02\/IMG_1011-scaled.jpeg","type":"image\/jpeg"}],"twitter_card":"summary_large_image","schema":{"@context":"https:\/\/schema.org","@graph":[{"@type":"WebPage","@id":"https:\/\/www.bergendi.sk\/de\/produkt\/trockene-brandsplitter\/","url":"https:\/\/www.bergendi.sk\/de\/produkt\/trockene-brandsplitter\/","name":"Trockene Brandsplitter - BERGENDI","isPartOf":{"@id":"https:\/\/www.bergendi.sk\/#website"},"datePublished":"2024-02-06T07:39:33+00:00","dateModified":"2024-03-13T14:44:40+00:00","breadcrumb":{"@id":"https:\/\/www.bergendi.sk\/de\/produkt\/trockene-brandsplitter\/#breadcrumb"},"inLanguage":"de","potentialAction":[{"@type":"ReadAction","target":["https:\/\/www.bergendi.sk\/de\/produkt\/trockene-brandsplitter\/"]}]},{"@type":"BreadcrumbList","@id":"https:\/\/www.bergendi.sk\/de\/produkt\/trockene-brandsplitter\/#breadcrumb","itemListElement":[{"@type":"ListItem","position":1,"name":"Home","item":"https:\/\/www.bergendi.sk\/de\/herstellung-und-verkauf-von-brennholz\/"},{"@type":"ListItem","position":2,"name":"Shop","item":"https:\/\/www.bergendi.sk\/shop\/"},{"@type":"ListItem","position":3,"name":"Trockene Brandsplitter"}]},{"@type":"WebSite","@id":"https:\/\/www.bergendi.sk\/#website","url":"https:\/\/www.bergendi.sk\/","name":"BERGENDI","description":"V\u00ddROBA A PREDAJ KRBOV\u00c9HO DREVA","publisher":{"@id":"https:\/\/www.bergendi.sk\/#organization"},"potentialAction":[{"@type":"SearchAction","target":{"@type":"EntryPoint","urlTemplate":"https:\/\/www.bergendi.sk\/?s={search_term_string}"},"query-input":"required name=search_term_string"}],"inLanguage":"de"},{"@type":"Organization","@id":"https:\/\/www.bergendi.sk\/#organization","name":"BERGENDI","url":"https:\/\/www.bergendi.sk\/","logo":{"@type":"ImageObject","inLanguage":"de","@id":"https:\/\/www.bergendi.sk\/#\/schema\/logo\/image\/","url":"https:\/\/www.bergendi.sk\/wp-content\/uploads\/2021\/03\/bergendi_logo.png","contentUrl":"https:\/\/www.bergendi.sk\/wp-content\/uploads\/2021\/03\/bergendi_logo.png","width":250,"height":50,"caption":"BERGENDI"},"image":{"@id":"https:\/\/www.bergendi.sk\/#\/schema\/logo\/image\/"}}]}},"_links":{"self":[{"href":"https:\/\/www.bergendi.sk\/de\/wp-json\/wp\/v2\/product\/3744","targetHints":{"allow":["GET"]}}],"collection":[{"href":"https:\/\/www.bergendi.sk\/de\/wp-json\/wp\/v2\/product"}],"about":[{"href":"https:\/\/www.bergendi.sk\/de\/wp-json\/wp\/v2\/types\/product"}],"version-history":[{"count":1,"href":"https:\/\/www.bergendi.sk\/de\/wp-json\/wp\/v2\/product\/3744\/revisions"}],"predecessor-version":[{"id":3757,"href":"https:\/\/www.bergendi.sk\/de\/wp-json\/wp\/v2\/product\/3744\/revisions\/3757"}],"wp:featuredmedia":[{"embeddable":true,"href":"https:\/\/www.bergendi.sk\/de\/wp-json\/wp\/v2\/media\/3175"}],"wp:attachment":[{"href":"https:\/\/www.bergendi.sk\/de\/wp-json\/wp\/v2\/media?parent=3744"}],"wp:term":[{"taxonomy":"product_cat","embeddable":true,"href":"https:\/\/www.bergendi.sk\/de\/wp-json\/wp\/v2\/product_cat?post=3744"},{"taxonomy":"product_tag","embeddable":true,"href":"https:\/\/www.bergendi.sk\/de\/wp-json\/wp\/v2\/product_tag?post=3744"}],"curies":[{"name":"wp","href":"https:\/\/api.w.org\/{rel}","templated":true}]}}