{"id":3745,"date":"2023-09-01T13:29:26","date_gmt":"2023-09-01T11:29:26","guid":{"rendered":"https:\/\/www.bergendi.sk\/produkt\/frisches-brennholz-buche-33cm-palette\/"},"modified":"2024-03-13T15:44:41","modified_gmt":"2024-03-13T14:44:41","slug":"frisches-brennholz-buche-33cm-palette","status":"publish","type":"product","link":"https:\/\/www.bergendi.sk\/de\/produkt\/frisches-brennholz-buche-33cm-palette\/","title":{"rendered":"Frisches Brennholz Buche 33cm &#8211; Palette"},"content":{"rendered":"<div class=\"woocommerce-product-details__short-description\">\n<div class=\"elementor-element elementor-element-10a59b5e elementor-widget elementor-widget-woocommerce-product-short-description\" data-id=\"10a59b5e\" data-element_type=\"widget\" data-widget_type=\"woocommerce-product-short-description.default\">\n<div class=\"elementor-widget-container\">\n<div class=\"woocommerce-product-details__short-description\">\n<p><strong>Frisches Buchenholz &#8211; 1<sup>m3 \/inneres <\/sup> Volumen des Palettenplatzes\/ aus frischem Buchenbrennholz in der L\u00e4nge 33 cm.<\/strong><\/p>\n<p><strong>frisches Brennholz<\/strong><\/p>\n<p>Innenma\u00dfe der Palette: 1 x 1 x 1 m<\/p>\n<\/div>\n<\/div>\n<\/div>\n<\/div>\n","protected":false},"excerpt":{"rendered":"<div class=\"woocommerce-product-details__short-description\">\n<div class=\"elementor-element elementor-element-10a59b5e elementor-widget elementor-widget-woocommerce-product-short-description\" data-id=\"10a59b5e\" data-element_type=\"widget\" data-widget_type=\"woocommerce-product-short-description.default\">\n<div class=\"elementor-widget-container\">\n<div class=\"woocommerce-product-details__short-description\">\n<p><strong><strong>Frisches Buchenholz &#8211; 1<sup>m3 \/ <\/sup> Innenvolumen des Palettenraums \/ frisches Buchenbrennholz in der L\u00e4nge 33 cm<\/strong><\/strong><\/p>\n<div><a href=\"https:\/\/www.toptrans.sk\/preprava\/sk\/moznosti-objednani-prepravy-u-spolecnosti-toptrans\/\">Bei der Bestellung von Holz in einer Palette k\u00f6nnen Sie den Preis f\u00fcr den Transport in der Firma TOP TRANS informativ \u00fcberpr\u00fcfen<\/a><\/div>\n<div>www.toptrans.sk. Tel.: 00421 901 717 364, wo Sie nach Eingabe Ihrer Adresse den genauen Preis f\u00fcr den Transport berechnen k\u00f6nnen.<\/div>\n<div>Wenn Sie \u00fcber einen eigenen Transport verf\u00fcgen, teilen Sie uns einfach mit, wann Sie das Brennholz auf einer Palette abholen werden. Ort der Sammlung von Brennholz : Ag\u00e1tova 2153, Tvrdo\u0161ovce 941 10.<\/div>\n<\/div>\n<div><\/div>\n<\/div>\n<\/div>\n<\/div>\n","protected":false},"featured_media":3005,"template":"","meta":[],"product_cat":[50],"product_tag":[],"class_list":["post-3745","product","type-product","status-publish","has-post-thumbnail","hentry","product_cat-brennholz"],"acf":[],"yoast_head":"<!-- This site is optimized with the Yoast SEO plugin v21.9.1 - https:\/\/yoast.com\/wordpress\/plugins\/seo\/ -->\n<title>Frisches Brennholz Buche 33cm - Palette - BERGENDI<\/title>\n<meta name=\"robots\" content=\"index, follow, max-snippet:-1, max-image-preview:large, max-video-preview:-1\" \/>\n<link rel=\"canonical\" href=\"https:\/\/www.bergendi.sk\/de\/produkt\/frisches-brennholz-buche-33cm-palette\/\" \/>\n<meta property=\"og:locale\" content=\"de_DE\" \/>\n<meta property=\"og:type\" content=\"article\" \/>\n<meta property=\"og:title\" content=\"Frisches Brennholz Buche 33cm - Palette - BERGENDI\" \/>\n<meta property=\"og:description\" content=\"Frisches Buchenholz - 1m3 \/ Innenvolumen des Palettenraums \/ frisches Buchenbrennholz in der L\u00e4nge 33 cm Bei der Bestellung von Holz in einer Palette k\u00f6nnen Sie den Preis f\u00fcr den Transport in der Firma TOP TRANS informativ \u00fcberpr\u00fcfen www.toptrans.sk. Tel.: 00421 901 717 364, wo Sie nach Eingabe Ihrer Adresse den genauen Preis f\u00fcr den Transport berechnen k\u00f6nnen. Wenn Sie \u00fcber einen eigenen Transport verf\u00fcgen, teilen Sie uns einfach mit, wann Sie das Brennholz auf einer Palette abholen werden. Ort der Sammlung von Brennholz : Ag\u00e1tova 2153, Tvrdo\u0161ovce 941 10.\" \/>\n<meta property=\"og:url\" content=\"https:\/\/www.bergendi.sk\/de\/produkt\/frisches-brennholz-buche-33cm-palette\/\" \/>\n<meta property=\"og:site_name\" content=\"BERGENDI\" \/>\n<meta property=\"article:modified_time\" content=\"2024-03-13T14:44:41+00:00\" \/>\n<meta property=\"og:image\" content=\"https:\/\/www.bergendi.sk\/wp-content\/uploads\/2023\/09\/thumbnail_IMG_0774-3.jpg\" \/>\n\t<meta property=\"og:image:width\" content=\"960\" \/>\n\t<meta property=\"og:image:height\" content=\"1280\" \/>\n\t<meta property=\"og:image:type\" content=\"image\/jpeg\" \/>\n<meta name=\"twitter:card\" content=\"summary_large_image\" \/>\n<script type=\"application\/ld+json\" class=\"yoast-schema-graph\">{\"@context\":\"https:\/\/schema.org\",\"@graph\":[{\"@type\":\"WebPage\",\"@id\":\"https:\/\/www.bergendi.sk\/de\/produkt\/frisches-brennholz-buche-33cm-palette\/\",\"url\":\"https:\/\/www.bergendi.sk\/de\/produkt\/frisches-brennholz-buche-33cm-palette\/\",\"name\":\"Frisches Brennholz Buche 33cm - Palette - BERGENDI\",\"isPartOf\":{\"@id\":\"https:\/\/www.bergendi.sk\/#website\"},\"datePublished\":\"2023-09-01T11:29:26+00:00\",\"dateModified\":\"2024-03-13T14:44:41+00:00\",\"breadcrumb\":{\"@id\":\"https:\/\/www.bergendi.sk\/de\/produkt\/frisches-brennholz-buche-33cm-palette\/#breadcrumb\"},\"inLanguage\":\"de\",\"potentialAction\":[{\"@type\":\"ReadAction\",\"target\":[\"https:\/\/www.bergendi.sk\/de\/produkt\/frisches-brennholz-buche-33cm-palette\/\"]}]},{\"@type\":\"BreadcrumbList\",\"@id\":\"https:\/\/www.bergendi.sk\/de\/produkt\/frisches-brennholz-buche-33cm-palette\/#breadcrumb\",\"itemListElement\":[{\"@type\":\"ListItem\",\"position\":1,\"name\":\"Home\",\"item\":\"https:\/\/www.bergendi.sk\/de\/herstellung-und-verkauf-von-brennholz\/\"},{\"@type\":\"ListItem\",\"position\":2,\"name\":\"Shop\",\"item\":\"https:\/\/www.bergendi.sk\/shop\/\"},{\"@type\":\"ListItem\",\"position\":3,\"name\":\"Frisches Brennholz Buche 33cm &#8211; Palette\"}]},{\"@type\":\"WebSite\",\"@id\":\"https:\/\/www.bergendi.sk\/#website\",\"url\":\"https:\/\/www.bergendi.sk\/\",\"name\":\"BERGENDI\",\"description\":\"V\u00ddROBA A PREDAJ KRBOV\u00c9HO DREVA\",\"publisher\":{\"@id\":\"https:\/\/www.bergendi.sk\/#organization\"},\"potentialAction\":[{\"@type\":\"SearchAction\",\"target\":{\"@type\":\"EntryPoint\",\"urlTemplate\":\"https:\/\/www.bergendi.sk\/?s={search_term_string}\"},\"query-input\":\"required name=search_term_string\"}],\"inLanguage\":\"de\"},{\"@type\":\"Organization\",\"@id\":\"https:\/\/www.bergendi.sk\/#organization\",\"name\":\"BERGENDI\",\"url\":\"https:\/\/www.bergendi.sk\/\",\"logo\":{\"@type\":\"ImageObject\",\"inLanguage\":\"de\",\"@id\":\"https:\/\/www.bergendi.sk\/#\/schema\/logo\/image\/\",\"url\":\"https:\/\/www.bergendi.sk\/wp-content\/uploads\/2021\/03\/bergendi_logo.png\",\"contentUrl\":\"https:\/\/www.bergendi.sk\/wp-content\/uploads\/2021\/03\/bergendi_logo.png\",\"width\":250,\"height\":50,\"caption\":\"BERGENDI\"},\"image\":{\"@id\":\"https:\/\/www.bergendi.sk\/#\/schema\/logo\/image\/\"}}]}<\/script>\n<!-- \/ Yoast SEO plugin. -->","yoast_head_json":{"title":"Frisches Brennholz Buche 33cm - Palette - BERGENDI","robots":{"index":"index","follow":"follow","max-snippet":"max-snippet:-1","max-image-preview":"max-image-preview:large","max-video-preview":"max-video-preview:-1"},"canonical":"https:\/\/www.bergendi.sk\/de\/produkt\/frisches-brennholz-buche-33cm-palette\/","og_locale":"de_DE","og_type":"article","og_title":"Frisches Brennholz Buche 33cm - Palette - BERGENDI","og_description":"Frisches Buchenholz - 1m3 \/ Innenvolumen des Palettenraums \/ frisches Buchenbrennholz in der L\u00e4nge 33 cm Bei der Bestellung von Holz in einer Palette k\u00f6nnen Sie den Preis f\u00fcr den Transport in der Firma TOP TRANS informativ \u00fcberpr\u00fcfen www.toptrans.sk. Tel.: 00421 901 717 364, wo Sie nach Eingabe Ihrer Adresse den genauen Preis f\u00fcr den Transport berechnen k\u00f6nnen. Wenn Sie \u00fcber einen eigenen Transport verf\u00fcgen, teilen Sie uns einfach mit, wann Sie das Brennholz auf einer Palette abholen werden. Ort der Sammlung von Brennholz : Ag\u00e1tova 2153, Tvrdo\u0161ovce 941 10.","og_url":"https:\/\/www.bergendi.sk\/de\/produkt\/frisches-brennholz-buche-33cm-palette\/","og_site_name":"BERGENDI","article_modified_time":"2024-03-13T14:44:41+00:00","og_image":[{"width":960,"height":1280,"url":"https:\/\/www.bergendi.sk\/wp-content\/uploads\/2023\/09\/thumbnail_IMG_0774-3.jpg","type":"image\/jpeg"}],"twitter_card":"summary_large_image","schema":{"@context":"https:\/\/schema.org","@graph":[{"@type":"WebPage","@id":"https:\/\/www.bergendi.sk\/de\/produkt\/frisches-brennholz-buche-33cm-palette\/","url":"https:\/\/www.bergendi.sk\/de\/produkt\/frisches-brennholz-buche-33cm-palette\/","name":"Frisches Brennholz Buche 33cm - Palette - BERGENDI","isPartOf":{"@id":"https:\/\/www.bergendi.sk\/#website"},"datePublished":"2023-09-01T11:29:26+00:00","dateModified":"2024-03-13T14:44:41+00:00","breadcrumb":{"@id":"https:\/\/www.bergendi.sk\/de\/produkt\/frisches-brennholz-buche-33cm-palette\/#breadcrumb"},"inLanguage":"de","potentialAction":[{"@type":"ReadAction","target":["https:\/\/www.bergendi.sk\/de\/produkt\/frisches-brennholz-buche-33cm-palette\/"]}]},{"@type":"BreadcrumbList","@id":"https:\/\/www.bergendi.sk\/de\/produkt\/frisches-brennholz-buche-33cm-palette\/#breadcrumb","itemListElement":[{"@type":"ListItem","position":1,"name":"Home","item":"https:\/\/www.bergendi.sk\/de\/herstellung-und-verkauf-von-brennholz\/"},{"@type":"ListItem","position":2,"name":"Shop","item":"https:\/\/www.bergendi.sk\/shop\/"},{"@type":"ListItem","position":3,"name":"Frisches Brennholz Buche 33cm &#8211; Palette"}]},{"@type":"WebSite","@id":"https:\/\/www.bergendi.sk\/#website","url":"https:\/\/www.bergendi.sk\/","name":"BERGENDI","description":"V\u00ddROBA A PREDAJ KRBOV\u00c9HO DREVA","publisher":{"@id":"https:\/\/www.bergendi.sk\/#organization"},"potentialAction":[{"@type":"SearchAction","target":{"@type":"EntryPoint","urlTemplate":"https:\/\/www.bergendi.sk\/?s={search_term_string}"},"query-input":"required name=search_term_string"}],"inLanguage":"de"},{"@type":"Organization","@id":"https:\/\/www.bergendi.sk\/#organization","name":"BERGENDI","url":"https:\/\/www.bergendi.sk\/","logo":{"@type":"ImageObject","inLanguage":"de","@id":"https:\/\/www.bergendi.sk\/#\/schema\/logo\/image\/","url":"https:\/\/www.bergendi.sk\/wp-content\/uploads\/2021\/03\/bergendi_logo.png","contentUrl":"https:\/\/www.bergendi.sk\/wp-content\/uploads\/2021\/03\/bergendi_logo.png","width":250,"height":50,"caption":"BERGENDI"},"image":{"@id":"https:\/\/www.bergendi.sk\/#\/schema\/logo\/image\/"}}]}},"_links":{"self":[{"href":"https:\/\/www.bergendi.sk\/de\/wp-json\/wp\/v2\/product\/3745","targetHints":{"allow":["GET"]}}],"collection":[{"href":"https:\/\/www.bergendi.sk\/de\/wp-json\/wp\/v2\/product"}],"about":[{"href":"https:\/\/www.bergendi.sk\/de\/wp-json\/wp\/v2\/types\/product"}],"version-history":[{"count":1,"href":"https:\/\/www.bergendi.sk\/de\/wp-json\/wp\/v2\/product\/3745\/revisions"}],"predecessor-version":[{"id":3762,"href":"https:\/\/www.bergendi.sk\/de\/wp-json\/wp\/v2\/product\/3745\/revisions\/3762"}],"wp:featuredmedia":[{"embeddable":true,"href":"https:\/\/www.bergendi.sk\/de\/wp-json\/wp\/v2\/media\/3005"}],"wp:attachment":[{"href":"https:\/\/www.bergendi.sk\/de\/wp-json\/wp\/v2\/media?parent=3745"}],"wp:term":[{"taxonomy":"product_cat","embeddable":true,"href":"https:\/\/www.bergendi.sk\/de\/wp-json\/wp\/v2\/product_cat?post=3745"},{"taxonomy":"product_tag","embeddable":true,"href":"https:\/\/www.bergendi.sk\/de\/wp-json\/wp\/v2\/product_tag?post=3745"}],"curies":[{"name":"wp","href":"https:\/\/api.w.org\/{rel}","templated":true}]}}