{"id":3685,"date":"2023-06-21T13:53:50","date_gmt":"2023-06-21T11:53:50","guid":{"rendered":"https:\/\/www.bergendi.sk\/machinery-and-equipment-for-sale-2\/"},"modified":"2024-08-12T17:10:45","modified_gmt":"2024-08-12T15:10:45","slug":"machinery-and-equipment-for-sale-2","status":"publish","type":"page","link":"https:\/\/www.bergendi.sk\/en\/machinery-and-equipment-for-sale-2\/","title":{"rendered":"Machinery and equipment for sale"},"content":{"rendered":"\t\t<div data-elementor-type=\"wp-post\" data-elementor-id=\"3685\" class=\"elementor elementor-3685 elementor-1691\" data-elementor-post-type=\"page\">\n\t\t\t\t\t\t\t\t\t<section class=\"elementor-section elementor-top-section elementor-element elementor-element-6ccdc95 elementor-section-content-middle elementor-section-height-min-height elementor-section-boxed elementor-section-height-default elementor-section-items-middle\" data-id=\"6ccdc95\" data-element_type=\"section\" data-settings=\"{&quot;background_background&quot;:&quot;classic&quot;}\">\n\t\t\t\t\t\t\t<div class=\"elementor-background-overlay\"><\/div>\n\t\t\t\t\t\t\t<div class=\"elementor-container elementor-column-gap-no\">\n\t\t\t\t\t<div class=\"elementor-column elementor-col-100 elementor-top-column elementor-element elementor-element-4f6adc0\" data-id=\"4f6adc0\" data-element_type=\"column\">\n\t\t\t<div class=\"elementor-widget-wrap elementor-element-populated\">\n\t\t\t\t\t\t\t\t<div class=\"elementor-element elementor-element-179c706 elementor-widget elementor-widget-heading\" data-id=\"179c706\" data-element_type=\"widget\" data-widget_type=\"heading.default\">\n\t\t\t\t<div class=\"elementor-widget-container\">\n\t\t\t<h1 class=\"elementor-heading-title elementor-size-default\">Machinery and equipment for sale<\/h1>\t\t<\/div>\n\t\t\t\t<\/div>\n\t\t\t\t\t<\/div>\n\t\t<\/div>\n\t\t\t\t\t\t\t<\/div>\n\t\t<\/section>\n\t\t\t\t<section class=\"elementor-section elementor-top-section elementor-element elementor-element-a400379 elementor-section-content-middle elementor-section-boxed elementor-section-height-default elementor-section-height-default\" data-id=\"a400379\" data-element_type=\"section\" data-settings=\"{&quot;background_background&quot;:&quot;classic&quot;}\">\n\t\t\t\t\t\t<div class=\"elementor-container elementor-column-gap-no\">\n\t\t\t\t\t<div class=\"elementor-column elementor-col-100 elementor-top-column elementor-element elementor-element-c9222c3\" data-id=\"c9222c3\" data-element_type=\"column\">\n\t\t\t<div class=\"elementor-widget-wrap elementor-element-populated\">\n\t\t\t\t\t\t\t\t<div class=\"elementor-element elementor-element-9060235 elementor-widget elementor-widget-heading\" data-id=\"9060235\" data-element_type=\"widget\" data-widget_type=\"heading.default\">\n\t\t\t\t<div class=\"elementor-widget-container\">\n\t\t\t<h2 class=\"elementor-heading-title elementor-size-default\">Current offer:<\/h2>\t\t<\/div>\n\t\t\t\t<\/div>\n\t\t\t\t<div class=\"elementor-element elementor-element-4e326fc elementor-widget elementor-widget-text-editor\" data-id=\"4e326fc\" data-element_type=\"widget\" data-widget_type=\"text-editor.default\">\n\t\t\t\t<div class=\"elementor-widget-container\">\n\t\t\t\t\t\t\t<p>BERGENDI offers for sale the following machines and equipment.<\/p>\n\t\t\t\t\t\t<\/div>\n\t\t\t\t<\/div>\n\t\t\t\t\t<\/div>\n\t\t<\/div>\n\t\t\t\t\t\t\t<\/div>\n\t\t<\/section>\n\t\t\t\t<section class=\"elementor-section elementor-top-section elementor-element elementor-element-7aaa9f9 elementor-section-boxed elementor-section-height-default elementor-section-height-default\" data-id=\"7aaa9f9\" data-element_type=\"section\">\n\t\t\t\t\t\t<div class=\"elementor-container elementor-column-gap-default\">\n\t\t\t\t\t<div class=\"elementor-column elementor-col-100 elementor-top-column elementor-element elementor-element-b9b2179\" data-id=\"b9b2179\" data-element_type=\"column\">\n\t\t\t<div class=\"elementor-widget-wrap elementor-element-populated\">\n\t\t\t\t\t\t\t\t<div class=\"elementor-element elementor-element-92c179d elementor-grid-3 elementor-grid-tablet-2 elementor-grid-mobile-1 elementor-posts--thumbnail-top elementor-card-shadow-yes elementor-posts__hover-gradient elementor-widget elementor-widget-posts\" data-id=\"92c179d\" data-element_type=\"widget\" data-settings=\"{&quot;cards_columns&quot;:&quot;3&quot;,&quot;cards_columns_tablet&quot;:&quot;2&quot;,&quot;cards_columns_mobile&quot;:&quot;1&quot;,&quot;cards_row_gap&quot;:{&quot;unit&quot;:&quot;px&quot;,&quot;size&quot;:35,&quot;sizes&quot;:[]},&quot;cards_row_gap_tablet&quot;:{&quot;unit&quot;:&quot;px&quot;,&quot;size&quot;:&quot;&quot;,&quot;sizes&quot;:[]},&quot;cards_row_gap_mobile&quot;:{&quot;unit&quot;:&quot;px&quot;,&quot;size&quot;:&quot;&quot;,&quot;sizes&quot;:[]}}\" data-widget_type=\"posts.cards\">\n\t\t\t\t<div class=\"elementor-widget-container\">\n\t\t\t\t\t<div class=\"elementor-posts-container elementor-posts elementor-posts--skin-cards elementor-grid\">\n\t\t\t\t<article class=\"elementor-post elementor-grid-item post-4415 stroj type-stroj status-publish has-post-thumbnail hentry\">\n\t\t\t<div class=\"elementor-post__card\">\n\t\t\t\t<a class=\"elementor-post__thumbnail__link\" href=\"https:\/\/www.bergendi.sk\/en\/stroj\/predam-vykracovaciu-kapovaciu-pilu\/\" ><div class=\"elementor-post__thumbnail\"><img loading=\"lazy\" decoding=\"async\" width=\"225\" height=\"300\" src=\"https:\/\/www.bergendi.sk\/wp-content\/uploads\/2026\/03\/IMG_0854-225x300.jpeg\" class=\"attachment-medium size-medium wp-image-4398\" alt=\"\" srcset=\"https:\/\/www.bergendi.sk\/wp-content\/uploads\/2026\/03\/IMG_0854-225x300.jpeg 225w, https:\/\/www.bergendi.sk\/wp-content\/uploads\/2026\/03\/IMG_0854-768x1024.jpeg 768w, https:\/\/www.bergendi.sk\/wp-content\/uploads\/2026\/03\/IMG_0854-1152x1536.jpeg 1152w, https:\/\/www.bergendi.sk\/wp-content\/uploads\/2026\/03\/IMG_0854-1536x2048.jpeg 1536w, https:\/\/www.bergendi.sk\/wp-content\/uploads\/2026\/03\/IMG_0854-600x800.jpeg 600w, https:\/\/www.bergendi.sk\/wp-content\/uploads\/2026\/03\/IMG_0854-scaled.jpeg 1920w\" sizes=\"auto, (max-width: 225px) 100vw, 225px\" \/><\/div><\/a>\n\t\t\t\t<div class=\"elementor-post__text\">\n\t\t\t\t<h3 class=\"elementor-post__title\">\n\t\t\t<a href=\"https:\/\/www.bergendi.sk\/en\/stroj\/predam-vykracovaciu-kapovaciu-pilu\/\" >\n\t\t\t\tPred\u00e1m vykracovaciu kapovaciu p\u00edlu\t\t\t<\/a>\n\t\t<\/h3>\n\t\t\t\t<div class=\"elementor-post__excerpt\">\n\t\t\t<p>Pred\u00e1m vykracovaciu p\u00edlu ,pohon 4 kw elektromotor ,nava\u017eac\u00ed p\u00e1s 4 m ,vzduchov\u00e9 up\u00ednanie gu\u013eatiny , priemer gu\u013eatiny do 75 cm , Vhodn\u00e9 pre v\u00fdrobu krbov\u00e9ho<\/p>\n\t\t<\/div>\n\t\t\n\t\t<a class=\"elementor-post__read-more\" href=\"https:\/\/www.bergendi.sk\/en\/stroj\/predam-vykracovaciu-kapovaciu-pilu\/\" aria-label=\"Read more about Pred\u00e1m vykracovaciu kapovaciu p\u00edlu\" >\n\t\t\tRead more \"\t\t<\/a>\n\n\t\t\t\t<\/div>\n\t\t\t\t<div class=\"elementor-post__meta-data\">\n\t\t\t\t\t<span class=\"elementor-post-date\">\n\t\t\t30. March 2026\t\t<\/span>\n\t\t\t\t<\/div>\n\t\t\t\t\t<\/div>\n\t\t<\/article>\n\t\t\t\t<article class=\"elementor-post elementor-grid-item post-4363 stroj type-stroj status-publish has-post-thumbnail hentry\">\n\t\t\t<div class=\"elementor-post__card\">\n\t\t\t\t<a class=\"elementor-post__thumbnail__link\" href=\"https:\/\/www.bergendi.sk\/en\/stroj\/predam-kalaci-automat-pinosa-x-spalter-fam-500\/\" ><div class=\"elementor-post__thumbnail\"><img loading=\"lazy\" decoding=\"async\" width=\"300\" height=\"225\" src=\"https:\/\/www.bergendi.sk\/wp-content\/uploads\/2025\/11\/IMG_0137-300x225.jpeg\" class=\"attachment-medium size-medium wp-image-4367\" alt=\"\" srcset=\"https:\/\/www.bergendi.sk\/wp-content\/uploads\/2025\/11\/IMG_0137-300x225.jpeg 300w, https:\/\/www.bergendi.sk\/wp-content\/uploads\/2025\/11\/IMG_0137-1024x768.jpeg 1024w, https:\/\/www.bergendi.sk\/wp-content\/uploads\/2025\/11\/IMG_0137-768x576.jpeg 768w, https:\/\/www.bergendi.sk\/wp-content\/uploads\/2025\/11\/IMG_0137-1536x1152.jpeg 1536w, https:\/\/www.bergendi.sk\/wp-content\/uploads\/2025\/11\/IMG_0137-2048x1536.jpeg 2048w, https:\/\/www.bergendi.sk\/wp-content\/uploads\/2025\/11\/IMG_0137-600x450.jpeg 600w\" sizes=\"auto, (max-width: 300px) 100vw, 300px\" \/><\/div><\/a>\n\t\t\t\t<div class=\"elementor-post__text\">\n\t\t\t\t<h3 class=\"elementor-post__title\">\n\t\t\t<a href=\"https:\/\/www.bergendi.sk\/en\/stroj\/predam-kalaci-automat-pinosa-x-spalter-fam-500\/\" >\n\t\t\t\tPred\u00e1m k\u00e1lac\u00ed automat PINOSA X- Spalter FAM 500\t\t\t<\/a>\n\t\t<\/h3>\n\t\t\t\t<div class=\"elementor-post__excerpt\">\n\t\t\t<p>Pred\u00e1m \u00a0k\u00e1lac\u00ed automat PINOSA X &#8211; Spalter FAM 500 Rok v\u00fdroby : 2025<\/p>\n\t\t<\/div>\n\t\t\n\t\t<a class=\"elementor-post__read-more\" href=\"https:\/\/www.bergendi.sk\/en\/stroj\/predam-kalaci-automat-pinosa-x-spalter-fam-500\/\" aria-label=\"Read more about Pred\u00e1m k\u00e1lac\u00ed automat PINOSA X- Spalter FAM 500\" >\n\t\t\tRead more \"\t\t<\/a>\n\n\t\t\t\t<\/div>\n\t\t\t\t<div class=\"elementor-post__meta-data\">\n\t\t\t\t\t<span class=\"elementor-post-date\">\n\t\t\t19. November 2025\t\t<\/span>\n\t\t\t\t<\/div>\n\t\t\t\t\t<\/div>\n\t\t<\/article>\n\t\t\t\t<article class=\"elementor-post elementor-grid-item post-3986 stroj type-stroj status-publish has-post-thumbnail hentry\">\n\t\t\t<div class=\"elementor-post__card\">\n\t\t\t\t<a class=\"elementor-post__thumbnail__link\" href=\"https:\/\/www.bergendi.sk\/en\/stroj\/buy-spoon-upping-on-bobcat-and-massey\/\" ><div class=\"elementor-post__thumbnail\"><img loading=\"lazy\" decoding=\"async\" width=\"300\" height=\"225\" src=\"https:\/\/www.bergendi.sk\/wp-content\/uploads\/2024\/05\/IMG_1435-300x225.jpeg\" class=\"attachment-medium size-medium wp-image-3881\" alt=\"\" srcset=\"https:\/\/www.bergendi.sk\/wp-content\/uploads\/2024\/05\/IMG_1435-300x225.jpeg 300w, https:\/\/www.bergendi.sk\/wp-content\/uploads\/2024\/05\/IMG_1435-1024x768.jpeg 1024w, https:\/\/www.bergendi.sk\/wp-content\/uploads\/2024\/05\/IMG_1435-768x576.jpeg 768w, https:\/\/www.bergendi.sk\/wp-content\/uploads\/2024\/05\/IMG_1435-1536x1152.jpeg 1536w, https:\/\/www.bergendi.sk\/wp-content\/uploads\/2024\/05\/IMG_1435-2048x1536.jpeg 2048w, https:\/\/www.bergendi.sk\/wp-content\/uploads\/2024\/05\/IMG_1435-600x450.jpeg 600w\" sizes=\"auto, (max-width: 300px) 100vw, 300px\" \/><\/div><\/a>\n\t\t\t\t<div class=\"elementor-post__text\">\n\t\t\t\t<h3 class=\"elementor-post__title\">\n\t\t\t<a href=\"https:\/\/www.bergendi.sk\/en\/stroj\/buy-spoon-upping-on-bobcat-and-massey\/\" >\n\t\t\t\tBuy spoon -upping on Bobcat and Massey.\t\t\t<\/a>\n\t\t<\/h3>\n\t\t\t\t<div class=\"elementor-post__excerpt\">\n\t\t\t<p>Buy spoons. Clamping suitable for Massey and Bobcat telehandlers. Spoon &#8211; clamping Massey, Bobcat = 900 L = price : 1100eur + VAT Spoon &#8211;<\/p>\n\t\t<\/div>\n\t\t\n\t\t<a class=\"elementor-post__read-more\" href=\"https:\/\/www.bergendi.sk\/en\/stroj\/buy-spoon-upping-on-bobcat-and-massey\/\" aria-label=\"Read more about Buy spoon -upping on Bobcat and Massey.\" >\n\t\t\tRead more \"\t\t<\/a>\n\n\t\t\t\t<\/div>\n\t\t\t\t<div class=\"elementor-post__meta-data\">\n\t\t\t\t\t<span class=\"elementor-post-date\">\n\t\t\t3. May 2024\t\t<\/span>\n\t\t\t\t<\/div>\n\t\t\t\t\t<\/div>\n\t\t<\/article>\n\t\t\t\t<article class=\"elementor-post elementor-grid-item post-3987 stroj type-stroj status-publish has-post-thumbnail hentry\">\n\t\t\t<div class=\"elementor-post__card\">\n\t\t\t\t<a class=\"elementor-post__thumbnail__link\" href=\"https:\/\/www.bergendi.sk\/en\/stroj\/buy-palletizing-forks\/\" ><div class=\"elementor-post__thumbnail\"><img loading=\"lazy\" decoding=\"async\" width=\"225\" height=\"300\" src=\"https:\/\/www.bergendi.sk\/wp-content\/uploads\/2024\/05\/IMG_1445-225x300.jpeg\" class=\"attachment-medium size-medium wp-image-3911\" alt=\"\" srcset=\"https:\/\/www.bergendi.sk\/wp-content\/uploads\/2024\/05\/IMG_1445-225x300.jpeg 225w, https:\/\/www.bergendi.sk\/wp-content\/uploads\/2024\/05\/IMG_1445-768x1024.jpeg 768w, https:\/\/www.bergendi.sk\/wp-content\/uploads\/2024\/05\/IMG_1445-1152x1536.jpeg 1152w, https:\/\/www.bergendi.sk\/wp-content\/uploads\/2024\/05\/IMG_1445-1536x2048.jpeg 1536w, https:\/\/www.bergendi.sk\/wp-content\/uploads\/2024\/05\/IMG_1445-600x800.jpeg 600w, https:\/\/www.bergendi.sk\/wp-content\/uploads\/2024\/05\/IMG_1445-scaled.jpeg 1920w\" sizes=\"auto, (max-width: 225px) 100vw, 225px\" \/><\/div><\/a>\n\t\t\t\t<div class=\"elementor-post__text\">\n\t\t\t\t<h3 class=\"elementor-post__title\">\n\t\t\t<a href=\"https:\/\/www.bergendi.sk\/en\/stroj\/buy-palletizing-forks\/\" >\n\t\t\t\tBuy palletizing forks\t\t\t<\/a>\n\t\t<\/h3>\n\t\t\t\t<div class=\"elementor-post__excerpt\">\n\t\t\t<p>Buy palletizing forks. Clamping suitable for Bobcat and Massey Ferguson. Load capacity: from 3 to 4 Ton. Price: from 1000 euros to 1500 euros \/<\/p>\n\t\t<\/div>\n\t\t\n\t\t<a class=\"elementor-post__read-more\" href=\"https:\/\/www.bergendi.sk\/en\/stroj\/buy-palletizing-forks\/\" aria-label=\"Read more about Buy palletizing forks\" >\n\t\t\tRead more \"\t\t<\/a>\n\n\t\t\t\t<\/div>\n\t\t\t\t<div class=\"elementor-post__meta-data\">\n\t\t\t\t\t<span class=\"elementor-post-date\">\n\t\t\t3. May 2024\t\t<\/span>\n\t\t\t\t<\/div>\n\t\t\t\t\t<\/div>\n\t\t<\/article>\n\t\t\t\t<article class=\"elementor-post elementor-grid-item post-3782 stroj type-stroj status-publish has-post-thumbnail hentry\">\n\t\t\t<div class=\"elementor-post__card\">\n\t\t\t\t<a class=\"elementor-post__thumbnail__link\" href=\"https:\/\/www.bergendi.sk\/en\/stroj\/massey-ferguson-th-6030\/\" ><div class=\"elementor-post__thumbnail\"><img loading=\"lazy\" decoding=\"async\" width=\"300\" height=\"225\" src=\"https:\/\/www.bergendi.sk\/wp-content\/uploads\/2025\/09\/IMG_2779-300x225.jpeg\" class=\"attachment-medium size-medium wp-image-4147\" alt=\"\" srcset=\"https:\/\/www.bergendi.sk\/wp-content\/uploads\/2025\/09\/IMG_2779-300x225.jpeg 300w, https:\/\/www.bergendi.sk\/wp-content\/uploads\/2025\/09\/IMG_2779-1024x768.jpeg 1024w, https:\/\/www.bergendi.sk\/wp-content\/uploads\/2025\/09\/IMG_2779-768x576.jpeg 768w, https:\/\/www.bergendi.sk\/wp-content\/uploads\/2025\/09\/IMG_2779-1536x1152.jpeg 1536w, https:\/\/www.bergendi.sk\/wp-content\/uploads\/2025\/09\/IMG_2779-2048x1536.jpeg 2048w, https:\/\/www.bergendi.sk\/wp-content\/uploads\/2025\/09\/IMG_2779-600x450.jpeg 600w\" sizes=\"auto, (max-width: 300px) 100vw, 300px\" \/><\/div><\/a>\n\t\t\t\t<div class=\"elementor-post__text\">\n\t\t\t\t<h3 class=\"elementor-post__title\">\n\t\t\t<a href=\"https:\/\/www.bergendi.sk\/en\/stroj\/massey-ferguson-th-6030\/\" >\n\t\t\t\tMassey Ferguson TH 6030\t\t\t<\/a>\n\t\t<\/h3>\n\t\t\t\t<div class=\"elementor-post__excerpt\">\n\t\t\t<p>Year of manufacture: 2019 Telehandler, MTH: 2840 Load capacity: 3 t Extension arm: 6m Diesel For sale Massey Ferguson TH 6030 \/bobcat 3060\/ telehandler. Year<\/p>\n\t\t<\/div>\n\t\t\n\t\t<a class=\"elementor-post__read-more\" href=\"https:\/\/www.bergendi.sk\/en\/stroj\/massey-ferguson-th-6030\/\" aria-label=\"Read more about Massey Ferguson TH 6030\" >\n\t\t\tRead more \"\t\t<\/a>\n\n\t\t\t\t<\/div>\n\t\t\t\t<div class=\"elementor-post__meta-data\">\n\t\t\t\t\t<span class=\"elementor-post-date\">\n\t\t\t29. August 2023\t\t<\/span>\n\t\t\t\t<\/div>\n\t\t\t\t\t<\/div>\n\t\t<\/article>\n\t\t\t\t<article class=\"elementor-post elementor-grid-item post-3783 stroj type-stroj status-publish has-post-thumbnail hentry\">\n\t\t\t<div class=\"elementor-post__card\">\n\t\t\t\t<a class=\"elementor-post__thumbnail__link\" href=\"https:\/\/www.bergendi.sk\/en\/stroj\/fiat-ducato-2008\/\" ><div class=\"elementor-post__thumbnail\"><img loading=\"lazy\" decoding=\"async\" width=\"300\" height=\"225\" src=\"https:\/\/www.bergendi.sk\/wp-content\/uploads\/2023\/08\/IMG_2171-1-300x225.jpeg\" class=\"attachment-medium size-medium wp-image-2860\" alt=\"\" srcset=\"https:\/\/www.bergendi.sk\/wp-content\/uploads\/2023\/08\/IMG_2171-1-300x225.jpeg 300w, https:\/\/www.bergendi.sk\/wp-content\/uploads\/2023\/08\/IMG_2171-1-1024x768.jpeg 1024w, https:\/\/www.bergendi.sk\/wp-content\/uploads\/2023\/08\/IMG_2171-1-768x576.jpeg 768w, https:\/\/www.bergendi.sk\/wp-content\/uploads\/2023\/08\/IMG_2171-1-600x450.jpeg 600w, https:\/\/www.bergendi.sk\/wp-content\/uploads\/2023\/08\/IMG_2171-1.jpeg 1280w\" sizes=\"auto, (max-width: 300px) 100vw, 300px\" \/><\/div><\/a>\n\t\t\t\t<div class=\"elementor-post__text\">\n\t\t\t\t<h3 class=\"elementor-post__title\">\n\t\t\t<a href=\"https:\/\/www.bergendi.sk\/en\/stroj\/fiat-ducato-2008\/\" >\n\t\t\t\tFiat Ducato 2008\t\t\t<\/a>\n\t\t<\/h3>\n\t\t\t\t<div class=\"elementor-post__excerpt\">\n\t\t\t<p>Rv: 12\/2008 HP: 275 000km Diesel<\/p>\n\t\t<\/div>\n\t\t\n\t\t<a class=\"elementor-post__read-more\" href=\"https:\/\/www.bergendi.sk\/en\/stroj\/fiat-ducato-2008\/\" aria-label=\"Read more about Fiat Ducato 2008\" >\n\t\t\tRead more \"\t\t<\/a>\n\n\t\t\t\t<\/div>\n\t\t\t\t<div class=\"elementor-post__meta-data\">\n\t\t\t\t\t<span class=\"elementor-post-date\">\n\t\t\t29. August 2023\t\t<\/span>\n\t\t\t\t<\/div>\n\t\t\t\t\t<\/div>\n\t\t<\/article>\n\t\t\t\t<\/div>\n\t\t\n\t\t\t\t<\/div>\n\t\t\t\t<\/div>\n\t\t\t\t\t<\/div>\n\t\t<\/div>\n\t\t\t\t\t\t\t<\/div>\n\t\t<\/section>\n\t\t\t\t\t\t\t<\/div>\n\t\t","protected":false},"excerpt":{"rendered":"<p>Machinery and equipment for sale Current offer: BERGENDI offers for sale the following machines and equipment.<\/p>\n","protected":false},"author":1,"featured_media":0,"parent":0,"menu_order":0,"comment_status":"closed","ping_status":"closed","template":"","meta":{"footnotes":""},"class_list":["post-3685","page","type-page","status-publish","hentry"],"acf":[],"yoast_head":"<!-- This site is optimized with the Yoast SEO plugin v21.9.1 - https:\/\/yoast.com\/wordpress\/plugins\/seo\/ -->\n<title>Machinery and equipment for sale - BERGENDI<\/title>\n<meta name=\"robots\" content=\"index, follow, max-snippet:-1, max-image-preview:large, max-video-preview:-1\" \/>\n<link rel=\"canonical\" href=\"https:\/\/www.bergendi.sk\/en\/machinery-and-equipment-for-sale-2\/\" \/>\n<meta property=\"og:locale\" content=\"en_US\" \/>\n<meta property=\"og:type\" content=\"article\" \/>\n<meta property=\"og:title\" content=\"Machinery and equipment for sale - BERGENDI\" \/>\n<meta property=\"og:description\" content=\"Machinery and equipment for sale Current offer: BERGENDI offers for sale the following machines and equipment.\" \/>\n<meta property=\"og:url\" content=\"https:\/\/www.bergendi.sk\/en\/machinery-and-equipment-for-sale-2\/\" \/>\n<meta property=\"og:site_name\" content=\"BERGENDI\" \/>\n<meta property=\"article:modified_time\" content=\"2024-08-12T15:10:45+00:00\" \/>\n<meta name=\"twitter:card\" content=\"summary_large_image\" \/>\n<meta name=\"twitter:label1\" content=\"Est. reading time\" \/>\n\t<meta name=\"twitter:data1\" content=\"1 minute\" \/>\n<script type=\"application\/ld+json\" class=\"yoast-schema-graph\">{\"@context\":\"https:\/\/schema.org\",\"@graph\":[{\"@type\":\"WebPage\",\"@id\":\"https:\/\/www.bergendi.sk\/en\/machinery-and-equipment-for-sale-2\/\",\"url\":\"https:\/\/www.bergendi.sk\/en\/machinery-and-equipment-for-sale-2\/\",\"name\":\"Machinery and equipment for sale - BERGENDI\",\"isPartOf\":{\"@id\":\"https:\/\/www.bergendi.sk\/#website\"},\"datePublished\":\"2023-06-21T11:53:50+00:00\",\"dateModified\":\"2024-08-12T15:10:45+00:00\",\"breadcrumb\":{\"@id\":\"https:\/\/www.bergendi.sk\/en\/machinery-and-equipment-for-sale-2\/#breadcrumb\"},\"inLanguage\":\"en-US\",\"potentialAction\":[{\"@type\":\"ReadAction\",\"target\":[\"https:\/\/www.bergendi.sk\/en\/machinery-and-equipment-for-sale-2\/\"]}]},{\"@type\":\"BreadcrumbList\",\"@id\":\"https:\/\/www.bergendi.sk\/en\/machinery-and-equipment-for-sale-2\/#breadcrumb\",\"itemListElement\":[{\"@type\":\"ListItem\",\"position\":1,\"name\":\"Home\",\"item\":\"https:\/\/www.bergendi.sk\/en\/manufacture-and-sale-of-firewood\/\"},{\"@type\":\"ListItem\",\"position\":2,\"name\":\"Machinery and equipment for sale\"}]},{\"@type\":\"WebSite\",\"@id\":\"https:\/\/www.bergendi.sk\/#website\",\"url\":\"https:\/\/www.bergendi.sk\/\",\"name\":\"BERGENDI\",\"description\":\"V\u00ddROBA A PREDAJ KRBOV\u00c9HO DREVA\",\"publisher\":{\"@id\":\"https:\/\/www.bergendi.sk\/#organization\"},\"potentialAction\":[{\"@type\":\"SearchAction\",\"target\":{\"@type\":\"EntryPoint\",\"urlTemplate\":\"https:\/\/www.bergendi.sk\/?s={search_term_string}\"},\"query-input\":\"required name=search_term_string\"}],\"inLanguage\":\"en-US\"},{\"@type\":\"Organization\",\"@id\":\"https:\/\/www.bergendi.sk\/#organization\",\"name\":\"BERGENDI\",\"url\":\"https:\/\/www.bergendi.sk\/\",\"logo\":{\"@type\":\"ImageObject\",\"inLanguage\":\"en-US\",\"@id\":\"https:\/\/www.bergendi.sk\/#\/schema\/logo\/image\/\",\"url\":\"https:\/\/www.bergendi.sk\/wp-content\/uploads\/2021\/03\/bergendi_logo.png\",\"contentUrl\":\"https:\/\/www.bergendi.sk\/wp-content\/uploads\/2021\/03\/bergendi_logo.png\",\"width\":250,\"height\":50,\"caption\":\"BERGENDI\"},\"image\":{\"@id\":\"https:\/\/www.bergendi.sk\/#\/schema\/logo\/image\/\"}}]}<\/script>\n<!-- \/ Yoast SEO plugin. -->","yoast_head_json":{"title":"Machinery and equipment for sale - BERGENDI","robots":{"index":"index","follow":"follow","max-snippet":"max-snippet:-1","max-image-preview":"max-image-preview:large","max-video-preview":"max-video-preview:-1"},"canonical":"https:\/\/www.bergendi.sk\/en\/machinery-and-equipment-for-sale-2\/","og_locale":"en_US","og_type":"article","og_title":"Machinery and equipment for sale - BERGENDI","og_description":"Machinery and equipment for sale Current offer: BERGENDI offers for sale the following machines and equipment.","og_url":"https:\/\/www.bergendi.sk\/en\/machinery-and-equipment-for-sale-2\/","og_site_name":"BERGENDI","article_modified_time":"2024-08-12T15:10:45+00:00","twitter_card":"summary_large_image","twitter_misc":{"Est. reading time":"1 minute"},"schema":{"@context":"https:\/\/schema.org","@graph":[{"@type":"WebPage","@id":"https:\/\/www.bergendi.sk\/en\/machinery-and-equipment-for-sale-2\/","url":"https:\/\/www.bergendi.sk\/en\/machinery-and-equipment-for-sale-2\/","name":"Machinery and equipment for sale - BERGENDI","isPartOf":{"@id":"https:\/\/www.bergendi.sk\/#website"},"datePublished":"2023-06-21T11:53:50+00:00","dateModified":"2024-08-12T15:10:45+00:00","breadcrumb":{"@id":"https:\/\/www.bergendi.sk\/en\/machinery-and-equipment-for-sale-2\/#breadcrumb"},"inLanguage":"en-US","potentialAction":[{"@type":"ReadAction","target":["https:\/\/www.bergendi.sk\/en\/machinery-and-equipment-for-sale-2\/"]}]},{"@type":"BreadcrumbList","@id":"https:\/\/www.bergendi.sk\/en\/machinery-and-equipment-for-sale-2\/#breadcrumb","itemListElement":[{"@type":"ListItem","position":1,"name":"Home","item":"https:\/\/www.bergendi.sk\/en\/manufacture-and-sale-of-firewood\/"},{"@type":"ListItem","position":2,"name":"Machinery and equipment for sale"}]},{"@type":"WebSite","@id":"https:\/\/www.bergendi.sk\/#website","url":"https:\/\/www.bergendi.sk\/","name":"BERGENDI","description":"V\u00ddROBA A PREDAJ KRBOV\u00c9HO DREVA","publisher":{"@id":"https:\/\/www.bergendi.sk\/#organization"},"potentialAction":[{"@type":"SearchAction","target":{"@type":"EntryPoint","urlTemplate":"https:\/\/www.bergendi.sk\/?s={search_term_string}"},"query-input":"required name=search_term_string"}],"inLanguage":"en-US"},{"@type":"Organization","@id":"https:\/\/www.bergendi.sk\/#organization","name":"BERGENDI","url":"https:\/\/www.bergendi.sk\/","logo":{"@type":"ImageObject","inLanguage":"en-US","@id":"https:\/\/www.bergendi.sk\/#\/schema\/logo\/image\/","url":"https:\/\/www.bergendi.sk\/wp-content\/uploads\/2021\/03\/bergendi_logo.png","contentUrl":"https:\/\/www.bergendi.sk\/wp-content\/uploads\/2021\/03\/bergendi_logo.png","width":250,"height":50,"caption":"BERGENDI"},"image":{"@id":"https:\/\/www.bergendi.sk\/#\/schema\/logo\/image\/"}}]}},"_links":{"self":[{"href":"https:\/\/www.bergendi.sk\/en\/wp-json\/wp\/v2\/pages\/3685","targetHints":{"allow":["GET"]}}],"collection":[{"href":"https:\/\/www.bergendi.sk\/en\/wp-json\/wp\/v2\/pages"}],"about":[{"href":"https:\/\/www.bergendi.sk\/en\/wp-json\/wp\/v2\/types\/page"}],"author":[{"embeddable":true,"href":"https:\/\/www.bergendi.sk\/en\/wp-json\/wp\/v2\/users\/1"}],"replies":[{"embeddable":true,"href":"https:\/\/www.bergendi.sk\/en\/wp-json\/wp\/v2\/comments?post=3685"}],"version-history":[{"count":3,"href":"https:\/\/www.bergendi.sk\/en\/wp-json\/wp\/v2\/pages\/3685\/revisions"}],"predecessor-version":[{"id":4020,"href":"https:\/\/www.bergendi.sk\/en\/wp-json\/wp\/v2\/pages\/3685\/revisions\/4020"}],"wp:attachment":[{"href":"https:\/\/www.bergendi.sk\/en\/wp-json\/wp\/v2\/media?parent=3685"}],"curies":[{"name":"wp","href":"https:\/\/api.w.org\/{rel}","templated":true}]}}