{"id":3708,"date":"2023-08-29T22:02:08","date_gmt":"2023-08-29T20:02:08","guid":{"rendered":"https:\/\/www.bergendi.sk\/order\/"},"modified":"2024-03-13T15:27:51","modified_gmt":"2024-03-13T14:27:51","slug":"order","status":"publish","type":"page","link":"https:\/\/www.bergendi.sk\/en\/order\/","title":{"rendered":"Order"},"content":{"rendered":"\t\t<div data-elementor-type=\"wp-post\" data-elementor-id=\"3708\" class=\"elementor elementor-3708 elementor-1826\" data-elementor-post-type=\"page\">\n\t\t\t\t\t\t\t\t\t<section class=\"elementor-section elementor-top-section elementor-element elementor-element-9ff25fa elementor-section-content-middle elementor-section-height-min-height elementor-section-boxed elementor-section-height-default elementor-section-items-middle\" data-id=\"9ff25fa\" data-element_type=\"section\" data-settings=\"{&quot;background_background&quot;:&quot;classic&quot;}\">\n\t\t\t\t\t\t\t<div class=\"elementor-background-overlay\"><\/div>\n\t\t\t\t\t\t\t<div class=\"elementor-container elementor-column-gap-no\">\n\t\t\t\t\t<div class=\"elementor-column elementor-col-100 elementor-top-column elementor-element elementor-element-aa2695b\" data-id=\"aa2695b\" data-element_type=\"column\">\n\t\t\t<div class=\"elementor-widget-wrap elementor-element-populated\">\n\t\t\t\t\t\t\t\t<div class=\"elementor-element elementor-element-5f3f64d elementor-widget elementor-widget-heading\" data-id=\"5f3f64d\" data-element_type=\"widget\" data-widget_type=\"heading.default\">\n\t\t\t\t<div class=\"elementor-widget-container\">\n\t\t\t<h1 class=\"elementor-heading-title elementor-size-default\">Order<\/h1>\t\t<\/div>\n\t\t\t\t<\/div>\n\t\t\t\t\t<\/div>\n\t\t<\/div>\n\t\t\t\t\t\t\t<\/div>\n\t\t<\/section>\n\t\t\t\t<section class=\"elementor-section elementor-top-section elementor-element elementor-element-8977841 elementor-section-boxed elementor-section-height-default elementor-section-height-default\" data-id=\"8977841\" data-element_type=\"section\">\n\t\t\t\t\t\t<div class=\"elementor-container elementor-column-gap-no\">\n\t\t\t\t\t<div class=\"elementor-column elementor-col-66 elementor-top-column elementor-element elementor-element-d2afd70\" data-id=\"d2afd70\" data-element_type=\"column\">\n\t\t\t<div class=\"elementor-widget-wrap elementor-element-populated\">\n\t\t\t\t\t\t\t\t<div class=\"elementor-element elementor-element-ed076da elementor-widget elementor-widget-heading\" data-id=\"ed076da\" data-element_type=\"widget\" data-widget_type=\"heading.default\">\n\t\t\t\t<div class=\"elementor-widget-container\">\n\t\t\t<h3 class=\"elementor-heading-title elementor-size-default\">Order firewood<\/h3>\t\t<\/div>\n\t\t\t\t<\/div>\n\t\t\t\t<div class=\"elementor-element elementor-element-79d303f elementor-widget elementor-widget-shortcode\" data-id=\"79d303f\" data-element_type=\"widget\" data-widget_type=\"shortcode.default\">\n\t\t\t\t<div class=\"elementor-widget-container\">\n\t\t\t\t\t<div class=\"elementor-shortcode\"><div class=\"wpforms-container \" id=\"wpforms-1828\"><form id=\"wpforms-form-1828\" class=\"wpforms-validate wpforms-form\" data-formid=\"1828\" method=\"post\" enctype=\"multipart\/form-data\" action=\"\/en\/wp-json\/wp\/v2\/pages\/3708\" data-token=\"ed2fdfc03be1b671458ff4574aeea12a\"><noscript class=\"wpforms-error-noscript\">Please enable JavaScript in your browser to complete this form.<\/noscript><div class=\"wpforms-field-container\"><div id=\"wpforms-1828-field_0-container\" class=\"wpforms-field wpforms-field-name\" data-field-id=\"0\"><label class=\"wpforms-field-label\" for=\"wpforms-1828-field_0\">Your name <span class=\"wpforms-required-label\">*<\/span><\/label><input type=\"text\" id=\"wpforms-1828-field_0\" class=\"wpforms-field-large wpforms-field-required\" name=\"wpforms[fields][0]\" placeholder=\"Your name\" required><\/div><div id=\"wpforms-1828-field_1-container\" class=\"wpforms-field wpforms-field-email\" data-field-id=\"1\"><label class=\"wpforms-field-label\" for=\"wpforms-1828-field_1\">Your Email <span class=\"wpforms-required-label\">*<\/span><\/label><input type=\"email\" id=\"wpforms-1828-field_1\" class=\"wpforms-field-large wpforms-field-required\" name=\"wpforms[fields][1]\" placeholder=\"Your Email\" spellcheck=\"false\" required><\/div><div id=\"wpforms-1828-field_12-container\" class=\"wpforms-field wpforms-field-text\" data-field-id=\"12\"><label class=\"wpforms-field-label\" for=\"wpforms-1828-field_12\">Your phone number <span class=\"wpforms-required-label\">*<\/span><\/label><input type=\"text\" id=\"wpforms-1828-field_12\" class=\"wpforms-field-medium wpforms-field-required\" name=\"wpforms[fields][12]\" required><\/div><div id=\"wpforms-1828-field_4-container\" class=\"wpforms-field wpforms-field-text\" data-field-id=\"4\"><label class=\"wpforms-field-label\" for=\"wpforms-1828-field_4\">Product <span class=\"wpforms-required-label\">*<\/span><\/label><input type=\"text\" id=\"wpforms-1828-field_4\" class=\"wpforms-field-large wpforms-field-required\" name=\"wpforms[fields][4]\" value=\" \" placeholder=\"Product\" required><\/div><div id=\"wpforms-1828-field_5-container\" class=\"wpforms-field wpforms-field-text\" data-field-id=\"5\"><label class=\"wpforms-field-label\" for=\"wpforms-1828-field_5\">Quantity <span class=\"wpforms-required-label\">*<\/span><\/label><input type=\"text\" id=\"wpforms-1828-field_5\" class=\"wpforms-field-large wpforms-field-required\" name=\"wpforms[fields][5]\" value=\"1\" placeholder=\"Product\" required><\/div><div id=\"wpforms-1828-field_8-container\" class=\"wpforms-field wpforms-field-select wpforms-field-select-style-classic\" data-field-id=\"8\"><label class=\"wpforms-field-label\" for=\"wpforms-1828-field_8\">Method of payment<\/label><select id=\"wpforms-1828-field_8\" class=\"wpforms-field-medium\" name=\"wpforms[fields][8]\"><option value=\"Advance invoice\"  selected='selected'>Advance invoice<\/option><\/select><\/div><div id=\"wpforms-1828-field_9-container\" class=\"wpforms-field wpforms-field-select wpforms-field-select-style-classic\" data-field-id=\"9\"><label class=\"wpforms-field-label\" for=\"wpforms-1828-field_9\">Method of delivery<\/label><select id=\"wpforms-1828-field_9\" class=\"wpforms-field-medium\" name=\"wpforms[fields][9]\"><option value=\"Personal collection at the Tvrdo\u0161ovce plant\" >Personal collection at the Tvrdo\u0161ovce plant<\/option><option value=\"Sending by courier\" >Sending by courier<\/option><\/select><\/div><div id=\"wpforms-1828-field_2-container\" class=\"wpforms-field wpforms-field-textarea\" data-field-id=\"2\"><label class=\"wpforms-field-label\" for=\"wpforms-1828-field_2\">Packing \/ delivery address, Company details <span class=\"wpforms-required-label\">*<\/span><\/label><textarea id=\"wpforms-1828-field_2\" class=\"wpforms-field-medium wpforms-field-required\" name=\"wpforms[fields][2]\" placeholder=\"Your billing and delivery address, your company details. Alternatively, a comment on the query.\" required><\/textarea><div class=\"wpforms-field-description\">This form is not a binding order with payment obligation. This form is an enquiry form. After receiving it, we will specify the total price for your inquiry by e-mail.<\/div><\/div><\/div><!-- .wpforms-field-container --><div class=\"wpforms-field wpforms-field-hp\"><label for=\"wpforms-1828-field-hp\" class=\"wpforms-field-label\">Website<\/label><input type=\"text\" name=\"wpforms[hp]\" id=\"wpforms-1828-field-hp\" class=\"wpforms-field-medium\"><\/div><input type=\"hidden\" name=\"wpforms[recaptcha]\" value=\"\"><div class=\"wpforms-submit-container\" ><input type=\"hidden\" name=\"wpforms[id]\" value=\"1828\"><input type=\"hidden\" name=\"wpforms[author]\" value=\"1\"><button type=\"submit\" name=\"wpforms[submit]\" id=\"wpforms-submit-1828\" class=\"wpforms-submit\" data-alt-text=\"I&#039;m sending...\" data-submit-text=\"Send request\" aria-live=\"assertive\" value=\"wpforms-submit\">Send request<\/button><\/div><\/form><\/div>  <!-- .wpforms-container --><\/div>\n\t\t\t\t<\/div>\n\t\t\t\t<\/div>\n\t\t\t\t<div class=\"elementor-element elementor-element-4d02ec2 elementor-widget elementor-widget-heading\" data-id=\"4d02ec2\" data-element_type=\"widget\" data-widget_type=\"heading.default\">\n\t\t\t\t<div class=\"elementor-widget-container\">\n\t\t\t<h3 class=\"elementor-heading-title elementor-size-default\">BERGENDI<\/h3>\t\t<\/div>\n\t\t\t\t<\/div>\n\t\t\t\t<div class=\"elementor-element elementor-element-4e26f3a elementor-view-stacked elementor-position-left elementor-widget__width-auto elementor-widget-mobile__width-inherit elementor-shape-circle elementor-mobile-position-top elementor-vertical-align-top elementor-widget elementor-widget-icon-box\" data-id=\"4e26f3a\" data-element_type=\"widget\" data-widget_type=\"icon-box.default\">\n\t\t\t\t<div class=\"elementor-widget-container\">\n\t\t\t\t\t<div class=\"elementor-icon-box-wrapper\">\n\t\t\t\t\t\t<div class=\"elementor-icon-box-icon\">\n\t\t\t\t<span class=\"elementor-icon elementor-animation-\" >\n\t\t\t\t<i aria-hidden=\"true\" class=\"fas fa-map-marker-alt\"><\/i>\t\t\t\t<\/span>\n\t\t\t<\/div>\n\t\t\t\t\t\t<div class=\"elementor-icon-box-content\">\n\t\t\t\t<h4 class=\"elementor-icon-box-title\">\n\t\t\t\t\t<span  >\n\t\t\t\t\t\tOperation\t\t\t\t\t<\/span>\n\t\t\t\t<\/h4>\n\t\t\t\t\t\t\t\t\t<p class=\"elementor-icon-box-description\">\n\t\t\t\t\t\tAgate 2153<br>941 10 Tvrdo\u0161ovce<br>Slovakia\t\t\t\t\t<\/p>\n\t\t\t\t\t\t\t<\/div>\n\t\t<\/div>\n\t\t\t\t<\/div>\n\t\t\t\t<\/div>\n\t\t\t\t<div class=\"elementor-element elementor-element-0b81561 elementor-view-stacked elementor-position-left elementor-widget__width-auto elementor-widget-mobile__width-inherit elementor-shape-circle elementor-mobile-position-top elementor-vertical-align-top elementor-widget elementor-widget-icon-box\" data-id=\"0b81561\" data-element_type=\"widget\" data-widget_type=\"icon-box.default\">\n\t\t\t\t<div class=\"elementor-widget-container\">\n\t\t\t\t\t<div class=\"elementor-icon-box-wrapper\">\n\t\t\t\t\t\t<div class=\"elementor-icon-box-icon\">\n\t\t\t\t<span class=\"elementor-icon elementor-animation-\" >\n\t\t\t\t<i aria-hidden=\"true\" class=\"fas fa-phone\"><\/i>\t\t\t\t<\/span>\n\t\t\t<\/div>\n\t\t\t\t\t\t<div class=\"elementor-icon-box-content\">\n\t\t\t\t<h4 class=\"elementor-icon-box-title\">\n\t\t\t\t\t<span  >\n\t\t\t\t\t\tPhone\t\t\t\t\t<\/span>\n\t\t\t\t<\/h4>\n\t\t\t\t\t\t\t\t\t<p class=\"elementor-icon-box-description\">\n\t\t\t\t\t\t<a href=\"tel:+421907985230\">+421 (0)907 985 230<\/a><br>\n<a href=\"tel:+421905598797\">+421 (0)905 598 797<\/a>\t\t\t\t\t<\/p>\n\t\t\t\t\t\t\t<\/div>\n\t\t<\/div>\n\t\t\t\t<\/div>\n\t\t\t\t<\/div>\n\t\t\t\t<div class=\"elementor-element elementor-element-53603a2 elementor-view-stacked elementor-position-left elementor-widget__width-auto elementor-widget-mobile__width-inherit elementor-shape-circle elementor-mobile-position-top elementor-vertical-align-top elementor-widget elementor-widget-icon-box\" data-id=\"53603a2\" data-element_type=\"widget\" data-widget_type=\"icon-box.default\">\n\t\t\t\t<div class=\"elementor-widget-container\">\n\t\t\t\t\t<div class=\"elementor-icon-box-wrapper\">\n\t\t\t\t\t\t<div class=\"elementor-icon-box-icon\">\n\t\t\t\t<span class=\"elementor-icon elementor-animation-\" >\n\t\t\t\t<i aria-hidden=\"true\" class=\"fas fa-envelope\"><\/i>\t\t\t\t<\/span>\n\t\t\t<\/div>\n\t\t\t\t\t\t<div class=\"elementor-icon-box-content\">\n\t\t\t\t<h4 class=\"elementor-icon-box-title\">\n\t\t\t\t\t<span  >\n\t\t\t\t\t\tEmail\t\t\t\t\t<\/span>\n\t\t\t\t<\/h4>\n\t\t\t\t\t\t\t\t\t<p class=\"elementor-icon-box-description\">\n\t\t\t\t\t\t<a href=\"mailto:info@bergendi.sk\">info@bergendi.sk<\/a>\t\t\t\t\t<\/p>\n\t\t\t\t\t\t\t<\/div>\n\t\t<\/div>\n\t\t\t\t<\/div>\n\t\t\t\t<\/div>\n\t\t\t\t<div class=\"elementor-element elementor-element-6991e46 elementor-widget-divider--view-line elementor-widget elementor-widget-divider\" data-id=\"6991e46\" data-element_type=\"widget\" data-widget_type=\"divider.default\">\n\t\t\t\t<div class=\"elementor-widget-container\">\n\t\t\t\t\t<div class=\"elementor-divider\">\n\t\t\t<span class=\"elementor-divider-separator\">\n\t\t\t\t\t\t<\/span>\n\t\t<\/div>\n\t\t\t\t<\/div>\n\t\t\t\t<\/div>\n\t\t\t\t\t<\/div>\n\t\t<\/div>\n\t\t\t\t<div class=\"elementor-column elementor-col-33 elementor-top-column elementor-element elementor-element-f92daad\" data-id=\"f92daad\" data-element_type=\"column\">\n\t\t\t<div class=\"elementor-widget-wrap elementor-element-populated\">\n\t\t\t\t\t\t\t\t<div class=\"elementor-element elementor-element-cb20c29 elementor-widget elementor-widget-heading\" data-id=\"cb20c29\" data-element_type=\"widget\" data-widget_type=\"heading.default\">\n\t\t\t\t<div class=\"elementor-widget-container\">\n\t\t\t<h3 class=\"elementor-heading-title elementor-size-default\">Find us<\/h3>\t\t<\/div>\n\t\t\t\t<\/div>\n\t\t\t\t<div class=\"elementor-element elementor-element-2615922 elementor-widget elementor-widget-google_maps\" data-id=\"2615922\" data-element_type=\"widget\" data-widget_type=\"google_maps.default\">\n\t\t\t\t<div class=\"elementor-widget-container\">\n\t\t\t\t\t<div class=\"elementor-custom-embed\">\n\t\t\t<iframe loading=\"lazy\"\n\t\t\t\t\tsrc=\"https:\/\/maps.google.com\/maps?q=Ag%C3%A1tov%C3%A1%202153%2C%20Tvrdo%C5%A1ovce&#038;t=m&#038;z=14&#038;output=embed&#038;iwloc=near\"\n\t\t\t\t\ttitle=\"Ag\u00e1tov\u00e1 2153, Tvrdo\u0161ovce\"\n\t\t\t\t\taria-label=\"Ag\u00e1tov\u00e1 2153, Tvrdo\u0161ovce\"\n\t\t\t><\/iframe>\n\t\t<\/div>\n\t\t\t\t<\/div>\n\t\t\t\t<\/div>\n\t\t\t\t<div class=\"elementor-element elementor-element-197d17e elementor-widget elementor-widget-button\" data-id=\"197d17e\" data-element_type=\"widget\" data-widget_type=\"button.default\">\n\t\t\t\t<div class=\"elementor-widget-container\">\n\t\t\t\t\t<div class=\"elementor-button-wrapper\">\n\t\t\t<a class=\"elementor-button elementor-button-link elementor-size-sm\" href=\"https:\/\/goo.gl\/maps\/5irrAw42AWi3LvnC7\">\n\t\t\t\t\t\t<span class=\"elementor-button-content-wrapper\">\n\t\t\t\t\t\t<span class=\"elementor-button-icon elementor-align-icon-left\">\n\t\t\t\t<i aria-hidden=\"true\" class=\"fas fa-location-arrow\"><\/i>\t\t\t<\/span>\n\t\t\t\t\t\t<span class=\"elementor-button-text\">Navigate to address<\/span>\n\t\t<\/span>\n\t\t\t\t\t<\/a>\n\t\t<\/div>\n\t\t\t\t<\/div>\n\t\t\t\t<\/div>\n\t\t\t\t\t<\/div>\n\t\t<\/div>\n\t\t\t\t\t\t\t<\/div>\n\t\t<\/section>\n\t\t\t\t\t\t\t<\/div>\n\t\t","protected":false},"excerpt":{"rendered":"<p>Order Order firewood BERGENDI Operation Agate 2153941 10 Tvrdo\u0161ovceSlovakia Phone +421 (0)907 985 230 +421 (0)905 598 797 Email info@bergendi.sk Find us Navigate to address<\/p>\n","protected":false},"author":1,"featured_media":0,"parent":0,"menu_order":0,"comment_status":"closed","ping_status":"closed","template":"","meta":{"footnotes":""},"class_list":["post-3708","page","type-page","status-publish","hentry"],"acf":[],"yoast_head":"<!-- This site is optimized with the Yoast SEO plugin v21.9.1 - https:\/\/yoast.com\/wordpress\/plugins\/seo\/ -->\n<title>Order - BERGENDI<\/title>\n<meta name=\"robots\" content=\"index, follow, max-snippet:-1, max-image-preview:large, max-video-preview:-1\" \/>\n<link rel=\"canonical\" href=\"https:\/\/www.bergendi.sk\/en\/order\/\" \/>\n<meta property=\"og:locale\" content=\"en_US\" \/>\n<meta property=\"og:type\" content=\"article\" \/>\n<meta property=\"og:title\" content=\"Order - BERGENDI\" \/>\n<meta property=\"og:description\" content=\"Order Order firewood BERGENDI Operation Agate 2153941 10 Tvrdo\u0161ovceSlovakia Phone +421 (0)907 985 230 +421 (0)905 598 797 Email info@bergendi.sk Find us Navigate to address\" \/>\n<meta property=\"og:url\" content=\"https:\/\/www.bergendi.sk\/en\/order\/\" \/>\n<meta property=\"og:site_name\" content=\"BERGENDI\" \/>\n<meta property=\"article:modified_time\" content=\"2024-03-13T14:27:51+00:00\" \/>\n<meta name=\"twitter:card\" content=\"summary_large_image\" \/>\n<script type=\"application\/ld+json\" class=\"yoast-schema-graph\">{\"@context\":\"https:\/\/schema.org\",\"@graph\":[{\"@type\":\"WebPage\",\"@id\":\"https:\/\/www.bergendi.sk\/en\/order\/\",\"url\":\"https:\/\/www.bergendi.sk\/en\/order\/\",\"name\":\"Order - BERGENDI\",\"isPartOf\":{\"@id\":\"https:\/\/www.bergendi.sk\/#website\"},\"datePublished\":\"2023-08-29T20:02:08+00:00\",\"dateModified\":\"2024-03-13T14:27:51+00:00\",\"breadcrumb\":{\"@id\":\"https:\/\/www.bergendi.sk\/en\/order\/#breadcrumb\"},\"inLanguage\":\"en-US\",\"potentialAction\":[{\"@type\":\"ReadAction\",\"target\":[\"https:\/\/www.bergendi.sk\/en\/order\/\"]}]},{\"@type\":\"BreadcrumbList\",\"@id\":\"https:\/\/www.bergendi.sk\/en\/order\/#breadcrumb\",\"itemListElement\":[{\"@type\":\"ListItem\",\"position\":1,\"name\":\"Home\",\"item\":\"https:\/\/www.bergendi.sk\/en\/manufacture-and-sale-of-firewood\/\"},{\"@type\":\"ListItem\",\"position\":2,\"name\":\"Order\"}]},{\"@type\":\"WebSite\",\"@id\":\"https:\/\/www.bergendi.sk\/#website\",\"url\":\"https:\/\/www.bergendi.sk\/\",\"name\":\"BERGENDI\",\"description\":\"V\u00ddROBA A PREDAJ KRBOV\u00c9HO DREVA\",\"publisher\":{\"@id\":\"https:\/\/www.bergendi.sk\/#organization\"},\"potentialAction\":[{\"@type\":\"SearchAction\",\"target\":{\"@type\":\"EntryPoint\",\"urlTemplate\":\"https:\/\/www.bergendi.sk\/?s={search_term_string}\"},\"query-input\":\"required name=search_term_string\"}],\"inLanguage\":\"en-US\"},{\"@type\":\"Organization\",\"@id\":\"https:\/\/www.bergendi.sk\/#organization\",\"name\":\"BERGENDI\",\"url\":\"https:\/\/www.bergendi.sk\/\",\"logo\":{\"@type\":\"ImageObject\",\"inLanguage\":\"en-US\",\"@id\":\"https:\/\/www.bergendi.sk\/#\/schema\/logo\/image\/\",\"url\":\"https:\/\/www.bergendi.sk\/wp-content\/uploads\/2021\/03\/bergendi_logo.png\",\"contentUrl\":\"https:\/\/www.bergendi.sk\/wp-content\/uploads\/2021\/03\/bergendi_logo.png\",\"width\":250,\"height\":50,\"caption\":\"BERGENDI\"},\"image\":{\"@id\":\"https:\/\/www.bergendi.sk\/#\/schema\/logo\/image\/\"}}]}<\/script>\n<!-- \/ Yoast SEO plugin. -->","yoast_head_json":{"title":"Order - BERGENDI","robots":{"index":"index","follow":"follow","max-snippet":"max-snippet:-1","max-image-preview":"max-image-preview:large","max-video-preview":"max-video-preview:-1"},"canonical":"https:\/\/www.bergendi.sk\/en\/order\/","og_locale":"en_US","og_type":"article","og_title":"Order - BERGENDI","og_description":"Order Order firewood BERGENDI Operation Agate 2153941 10 Tvrdo\u0161ovceSlovakia Phone +421 (0)907 985 230 +421 (0)905 598 797 Email info@bergendi.sk Find us Navigate to address","og_url":"https:\/\/www.bergendi.sk\/en\/order\/","og_site_name":"BERGENDI","article_modified_time":"2024-03-13T14:27:51+00:00","twitter_card":"summary_large_image","schema":{"@context":"https:\/\/schema.org","@graph":[{"@type":"WebPage","@id":"https:\/\/www.bergendi.sk\/en\/order\/","url":"https:\/\/www.bergendi.sk\/en\/order\/","name":"Order - BERGENDI","isPartOf":{"@id":"https:\/\/www.bergendi.sk\/#website"},"datePublished":"2023-08-29T20:02:08+00:00","dateModified":"2024-03-13T14:27:51+00:00","breadcrumb":{"@id":"https:\/\/www.bergendi.sk\/en\/order\/#breadcrumb"},"inLanguage":"en-US","potentialAction":[{"@type":"ReadAction","target":["https:\/\/www.bergendi.sk\/en\/order\/"]}]},{"@type":"BreadcrumbList","@id":"https:\/\/www.bergendi.sk\/en\/order\/#breadcrumb","itemListElement":[{"@type":"ListItem","position":1,"name":"Home","item":"https:\/\/www.bergendi.sk\/en\/manufacture-and-sale-of-firewood\/"},{"@type":"ListItem","position":2,"name":"Order"}]},{"@type":"WebSite","@id":"https:\/\/www.bergendi.sk\/#website","url":"https:\/\/www.bergendi.sk\/","name":"BERGENDI","description":"V\u00ddROBA A PREDAJ KRBOV\u00c9HO DREVA","publisher":{"@id":"https:\/\/www.bergendi.sk\/#organization"},"potentialAction":[{"@type":"SearchAction","target":{"@type":"EntryPoint","urlTemplate":"https:\/\/www.bergendi.sk\/?s={search_term_string}"},"query-input":"required name=search_term_string"}],"inLanguage":"en-US"},{"@type":"Organization","@id":"https:\/\/www.bergendi.sk\/#organization","name":"BERGENDI","url":"https:\/\/www.bergendi.sk\/","logo":{"@type":"ImageObject","inLanguage":"en-US","@id":"https:\/\/www.bergendi.sk\/#\/schema\/logo\/image\/","url":"https:\/\/www.bergendi.sk\/wp-content\/uploads\/2021\/03\/bergendi_logo.png","contentUrl":"https:\/\/www.bergendi.sk\/wp-content\/uploads\/2021\/03\/bergendi_logo.png","width":250,"height":50,"caption":"BERGENDI"},"image":{"@id":"https:\/\/www.bergendi.sk\/#\/schema\/logo\/image\/"}}]}},"_links":{"self":[{"href":"https:\/\/www.bergendi.sk\/en\/wp-json\/wp\/v2\/pages\/3708","targetHints":{"allow":["GET"]}}],"collection":[{"href":"https:\/\/www.bergendi.sk\/en\/wp-json\/wp\/v2\/pages"}],"about":[{"href":"https:\/\/www.bergendi.sk\/en\/wp-json\/wp\/v2\/types\/page"}],"author":[{"embeddable":true,"href":"https:\/\/www.bergendi.sk\/en\/wp-json\/wp\/v2\/users\/1"}],"replies":[{"embeddable":true,"href":"https:\/\/www.bergendi.sk\/en\/wp-json\/wp\/v2\/comments?post=3708"}],"version-history":[{"count":1,"href":"https:\/\/www.bergendi.sk\/en\/wp-json\/wp\/v2\/pages\/3708\/revisions"}],"predecessor-version":[{"id":3709,"href":"https:\/\/www.bergendi.sk\/en\/wp-json\/wp\/v2\/pages\/3708\/revisions\/3709"}],"wp:attachment":[{"href":"https:\/\/www.bergendi.sk\/en\/wp-json\/wp\/v2\/media?parent=3708"}],"curies":[{"name":"wp","href":"https:\/\/api.w.org\/{rel}","templated":true}]}}